{"id":5653,"date":"2019-11-19T14:44:37","date_gmt":"2019-11-19T13:44:37","guid":{"rendered":"https:\/\/grandjohnson.com\/projecten-grandjohnson\/"},"modified":"2025-06-25T16:45:44","modified_gmt":"2025-06-25T14:45:44","slug":"projekte-grandjohnson","status":"publish","type":"page","link":"https:\/\/grandjohnson.com\/de\/projekte-grandjohnson\/","title":{"rendered":"Projekte"},"content":{"rendered":"\n<div class=\"wp-block-g2p-wrapper pb-0\"><div class=\"container\"><div class=\"row\"><div class=\"col-12\">\n<h1 class=\"wp-block-heading\">Projekte<\/h1>\n\n\n\n<p>Aus Liebe zum Design gestalten wir die Innenr\u00e4ume von privaten und gewerblichen Projekten. Wir glauben, dass ein Interieur mehr ist als nur ein Raum. Es ist ein Spiegelbild Ihrer Pers\u00f6nlichkeit und Ihres Lebensstils. Deshalb gehen wir bei jedem Projekt mit \u00e4u\u00dferster Sorgfalt vor, um eine einzigartige und ma\u00dfgeschneiderte Umgebung zu schaffen.<\/p>\n\n\n\n<p>Unsere Kompetenz liegt in der Entwurfs- und Realisierungsarbeit sowohl f\u00fcr private als auch f\u00fcr gewerbliche Projekte. Ob es sich um den Bau einer Villa, die umfassende Renovierung eines historischen Geb\u00e4udes, die Einrichtung eines exklusiven B\u00fcrogeb\u00e4udes oder die Entwicklung eines Grundst\u00fccks handelt &#8211; wir bieten L\u00f6sungen, die sich nahtlos an Ihre Bed\u00fcrfnisse anpassen.<\/p>\n\n\n\n<div style=\"height:50px\" aria-hidden=\"true\" class=\"wp-block-spacer\"><\/div>\n\n\n\n<h1 class=\"wp-block-heading\">Wohnprojekte<\/h1>\n<\/div><\/div><\/div><\/div>\n\n\n    <section id=\"projects\" class=\"post-overview\">\n        <div class=\"container\">\n            <div class=\"row\">\n                                    <article class=\"feature-block col-12 col-md-6\">\n\t<a href=\"https:\/\/grandjohnson.com\/de\/projecten\/upcoming\/\">\n\t\t<section class=\"featured-image\">\n\t\t\t<img decoding=\"async\" src=\"https:\/\/grandjohnson.com\/app\/uploads\/2026\/02\/Dubai-projecten-interieur-scaled-651x488-c-center.png\" alt=\"Dubai projecten interieur\" \/>\n\t\t<\/section>\n\t\t<section class=\"featured-meta\">\n\t\t\t<h2>Upcoming<\/h2>\n\t\t\t\t\t\t<span class=\"subtitle\">Dubai | 2026<\/span>\n\t\t\t\t\t<\/section>\n\t<\/a>\n<\/article>                                    <article class=\"feature-block col-12 col-md-6\">\n\t<a href=\"https:\/\/grandjohnson.com\/de\/projecten\/luxurioeses-penthouse\/\">\n\t\t<section class=\"featured-image\">\n\t\t\t<img decoding=\"async\" src=\"https:\/\/grandjohnson.com\/app\/uploads\/2025\/11\/Gustav-Mahlerlaan-268-20251027-7-651x488-c-center.jpg\" alt=\"Gustav Mahlerlaan 268 20251027-7\" \/>\n\t\t<\/section>\n\t\t<section class=\"featured-meta\">\n\t\t\t<h2>Luxuri\u00f6ses Penthouse<\/h2>\n\t\t\t\t\t\t<span class=\"subtitle\">Nord-Holland | 2025<\/span>\n\t\t\t\t\t<\/section>\n\t<\/a>\n<\/article>                                    <article class=\"feature-block col-12 col-md-6\">\n\t<a href=\"https:\/\/grandjohnson.com\/de\/projecten\/ferienvilla-mallorca\/\">\n\t\t<section class=\"featured-image\">\n\t\t\t<img decoding=\"async\" src=\"https:\/\/grandjohnson.com\/app\/uploads\/2025\/01\/Grand-Johnson-Luna-1-20250123-42-651x488-c-center.jpg\" alt=\"Grand &#038; Johnson Luna 1 20250123-42\" \/>\n\t\t<\/section>\n\t\t<section class=\"featured-meta\">\n\t\t\t<h2>Ferienvilla<\/h2>\n\t\t\t\t\t\t<span class=\"subtitle\">Mallorca | 2025<\/span>\n\t\t\t\t\t<\/section>\n\t<\/a>\n<\/article>                                    <article class=\"feature-block col-12 col-md-6\">\n\t<a href=\"https:\/\/grandjohnson.com\/de\/projecten\/raffiniertes-wohnhaus\/\">\n\t\t<section class=\"featured-image\">\n\t\t\t<img decoding=\"async\" src=\"https:\/\/grandjohnson.com\/app\/uploads\/2024\/09\/GrandJohnson-Family-Home-20240801-34-651x488-c-center.jpg\" alt=\"Grand&#038;Johnson Family Home 20240801-34\" \/>\n\t\t<\/section>\n\t\t<section class=\"featured-meta\">\n\t\t\t<h2>Raffiniertes Wohnhaus<\/h2>\n\t\t\t\t\t\t<span class=\"subtitle\">S\u00fcd-Holland | 2024<\/span>\n\t\t\t\t\t<\/section>\n\t<\/a>\n<\/article>                                    <article class=\"feature-block col-12 col-md-6\">\n\t<a href=\"https:\/\/grandjohnson.com\/de\/projecten\/renoviertes-familienhaus\/\">\n\t\t<section class=\"featured-image\">\n\t\t\t<img decoding=\"async\" src=\"https:\/\/grandjohnson.com\/app\/uploads\/2024\/07\/GrandJohnson-20240519-8-scaled-651x488-c-center.jpeg\" alt=\"GrandJohnson-20240519-8\" \/>\n\t\t<\/section>\n\t\t<section class=\"featured-meta\">\n\t\t\t<h2>Renoviertes Familienhaus<\/h2>\n\t\t\t\t\t\t<span class=\"subtitle\">S\u00fcd-Holland | 2024<\/span>\n\t\t\t\t\t<\/section>\n\t<\/a>\n<\/article>                                    <article class=\"feature-block col-12 col-md-6\">\n\t<a href=\"https:\/\/grandjohnson.com\/de\/projecten\/appartement\/\">\n\t\t<section class=\"featured-image\">\n\t\t\t<img decoding=\"async\" src=\"https:\/\/grandjohnson.com\/app\/uploads\/2025\/01\/kunst-3-651x488-c-center.jpg\" alt=\"kunst 3\" \/>\n\t\t<\/section>\n\t\t<section class=\"featured-meta\">\n\t\t\t<h2>Wohnung in der City<\/h2>\n\t\t\t\t\t\t<span class=\"subtitle\">Nord-Holland | 2023<\/span>\n\t\t\t\t\t<\/section>\n\t<\/a>\n<\/article>                                    <article class=\"feature-block col-12 col-md-6\">\n\t<a href=\"https:\/\/grandjohnson.com\/de\/projecten\/wohnung-am-park-2\/\">\n\t\t<section class=\"featured-image\">\n\t\t\t<img decoding=\"async\" src=\"https:\/\/grandjohnson.com\/app\/uploads\/2023\/05\/GrandJohnson-.pg_-651x488-c-center.jpg\" alt=\"Grand&#038;Johnson .pg\" \/>\n\t\t<\/section>\n\t\t<section class=\"featured-meta\">\n\t\t\t<h2>Wohnung am Park<\/h2>\n\t\t\t\t\t\t<span class=\"subtitle\">Nord-Holland | 2024<\/span>\n\t\t\t\t\t<\/section>\n\t<\/a>\n<\/article>                                    <article class=\"feature-block col-12 col-md-6\">\n\t<a href=\"https:\/\/grandjohnson.com\/de\/projecten\/kanalhaus\/\">\n\t\t<section class=\"featured-image\">\n\t\t\t<img decoding=\"async\" src=\"https:\/\/grandjohnson.com\/app\/uploads\/2023\/04\/Grachtenpand-Noord-Holland-scaled-651x488-c-center.jpg\" alt=\"Grachtenpand | Noord Holland\" \/>\n\t\t<\/section>\n\t\t<section class=\"featured-meta\">\n\t\t\t<h2>Kanalhaus<\/h2>\n\t\t\t\t\t\t<span class=\"subtitle\">Nord-Holland | 2023<\/span>\n\t\t\t\t\t<\/section>\n\t<\/a>\n<\/article>                                    <article class=\"feature-block col-12 col-md-6\">\n\t<a href=\"https:\/\/grandjohnson.com\/de\/projecten\/klassisches-renoviertes-stadthaus\/\">\n\t\t<section class=\"featured-image\">\n\t\t\t<img decoding=\"async\" src=\"https:\/\/grandjohnson.com\/app\/uploads\/2022\/09\/Gerenoveerd-herenhuis-Brabant-scaled-651x488-c-center.jpg\" alt=\"Gerenoveerd herenhuis | Brabant\" \/>\n\t\t<\/section>\n\t\t<section class=\"featured-meta\">\n\t\t\t<h2>Renoviertes Stadthaus<\/h2>\n\t\t\t\t\t\t<span class=\"subtitle\">Brabant | 2022<\/span>\n\t\t\t\t\t<\/section>\n\t<\/a>\n<\/article>                                    <article class=\"feature-block col-12 col-md-6\">\n\t<a href=\"https:\/\/grandjohnson.com\/de\/projecten\/landhaus-in-den-waeldern\/\">\n\t\t<section class=\"featured-image\">\n\t\t\t<img decoding=\"async\" src=\"https:\/\/grandjohnson.com\/app\/uploads\/2021\/09\/Landhuis-in-de-bossen-Gelderland-scaled-651x488-c-center.jpg\" alt=\"Landhuis in de bossen | Gelderland\" \/>\n\t\t<\/section>\n\t\t<section class=\"featured-meta\">\n\t\t\t<h2>Landhaus in den W\u00e4ldern<\/h2>\n\t\t\t\t\t\t<span class=\"subtitle\">Gelderland | 2021<\/span>\n\t\t\t\t\t<\/section>\n\t<\/a>\n<\/article>                                    <article class=\"feature-block col-12 col-md-6\">\n\t<a href=\"https:\/\/grandjohnson.com\/de\/projecten\/schoenen-ausblicken-und-spannenden-durchsichten\/\">\n\t\t<section class=\"featured-image\">\n\t\t\t<img decoding=\"async\" src=\"https:\/\/grandjohnson.com\/app\/uploads\/2019\/12\/Penthouse-Noord-Holland-scaled-651x488-c-center.jpeg\" alt=\"Penthouse | Noord Holland\" \/>\n\t\t<\/section>\n\t\t<section class=\"featured-meta\">\n\t\t\t<h2>Penthouse<\/h2>\n\t\t\t\t\t\t<span class=\"subtitle\">Nord-Holland | 2020<\/span>\n\t\t\t\t\t<\/section>\n\t<\/a>\n<\/article>                                    <article class=\"feature-block col-12 col-md-6\">\n\t<a href=\"https:\/\/grandjohnson.com\/de\/projecten\/renovierte-villa\/\">\n\t\t<section class=\"featured-image\">\n\t\t\t<img decoding=\"async\" src=\"https:\/\/grandjohnson.com\/app\/uploads\/2019\/12\/GJ_BoschDuin_20160630_High-Res_\u00a9-Bastiaan-Woudt_www.bastiaanwoudt.com_0017-scaled-651x488-c-center-651x488-c-center.jpg\" alt=\"GJ_BoschDuin_20160630_High-Res_\u00a9-Bastiaan-Woudt_www.bastiaanwoudt.com_0017-scaled-651x488-c-center\" \/>\n\t\t<\/section>\n\t\t<section class=\"featured-meta\">\n\t\t\t<h2>Renovierte Villa<\/h2>\n\t\t\t\t\t\t<span class=\"subtitle\">Utrecht | 2020<\/span>\n\t\t\t\t\t<\/section>\n\t<\/a>\n<\/article>                                    <article class=\"feature-block col-12 col-md-6\">\n\t<a href=\"https:\/\/grandjohnson.com\/de\/projecten\/modernes-stadthaus\/\">\n\t\t<section class=\"featured-image\">\n\t\t\t<img decoding=\"async\" src=\"https:\/\/grandjohnson.com\/app\/uploads\/2019\/12\/GJ_20190820_High-Res_\u00a9-Bastiaan-Woudt_www.bastiaanwoudt.com_0004-scaled-651x488-c-center-3-651x488-c-center.jpg\" alt=\"GJ_20190820_High-Res_\u00a9-Bastiaan-Woudt_www.bastiaanwoudt.com_0004-scaled-651x488-c-center (3)\" \/>\n\t\t<\/section>\n\t\t<section class=\"featured-meta\">\n\t\t\t<h2>Modernes Stadthaus<\/h2>\n\t\t\t\t\t\t<span class=\"subtitle\">Utrecht | 2020<\/span>\n\t\t\t\t\t<\/section>\n\t<\/a>\n<\/article>                                    <article class=\"feature-block col-12 col-md-6\">\n\t<a href=\"https:\/\/grandjohnson.com\/de\/projecten\/jedes-zimmer-durchdacht-gestaltet\/\">\n\t\t<section class=\"featured-image\">\n\t\t\t<img decoding=\"async\" src=\"https:\/\/grandjohnson.com\/app\/uploads\/2024\/10\/6-651x488-c-center.jpg\" alt=\"6\" \/>\n\t\t<\/section>\n\t\t<section class=\"featured-meta\">\n\t\t\t<h2>Zeitgen\u00f6ssische Villa<\/h2>\n\t\t\t\t\t\t<span class=\"subtitle\">Utrecht | 2015<\/span>\n\t\t\t\t\t<\/section>\n\t<\/a>\n<\/article>                                    <article class=\"feature-block col-12 col-md-6\">\n\t<a href=\"https:\/\/grandjohnson.com\/de\/projecten\/gross-aber-unaufdringlich\/\">\n\t\t<section class=\"featured-image\">\n\t\t\t<img decoding=\"async\" src=\"https:\/\/grandjohnson.com\/app\/uploads\/2019\/12\/Luxe-villa-Noord-Holland02-scaled-651x488-c-center.jpg\" alt=\"Luxe villa | Noord Holland02\" \/>\n\t\t<\/section>\n\t\t<section class=\"featured-meta\">\n\t\t\t<h2>Luxus Villa<\/h2>\n\t\t\t\t\t\t<span class=\"subtitle\">Nord-Holland | 2019<\/span>\n\t\t\t\t\t<\/section>\n\t<\/a>\n<\/article>                                    <article class=\"feature-block col-12 col-md-6\">\n\t<a href=\"https:\/\/grandjohnson.com\/de\/projecten\/een-rustige-basis-voor-kunst\/\">\n\t\t<section class=\"featured-image\">\n\t\t\t<img decoding=\"async\" src=\"https:\/\/grandjohnson.com\/app\/uploads\/2024\/10\/GJ_20160623_Low-Res_\u00a9-Bastiaan-Woudt_www.bastiaanwoudt.com_0008-651x488-c-center.jpg\" alt=\"G&#038;J_20160623_Low Res_\u00a9 Bastiaan Woudt_www.bastiaanwoudt.com_0008\" \/>\n\t\t<\/section>\n\t\t<section class=\"featured-meta\">\n\t\t\t<h2>Familienhaus<\/h2>\n\t\t\t\t\t\t<span class=\"subtitle\">Nord-Holland | 2015<\/span>\n\t\t\t\t\t<\/section>\n\t<\/a>\n<\/article>                                    <article class=\"feature-block col-12 col-md-6\">\n\t<a href=\"https:\/\/grandjohnson.com\/de\/projecten\/klaar-om-te-imponeren\/\">\n\t\t<section class=\"featured-image\">\n\t\t\t<img decoding=\"async\" src=\"https:\/\/grandjohnson.com\/app\/uploads\/2019\/12\/2272e-int-0003-scaled-651x488-c-center.jpg\" alt=\"2272e-int-0003\" \/>\n\t\t<\/section>\n\t\t<section class=\"featured-meta\">\n\t\t\t<h2>60er Jahre Villa<\/h2>\n\t\t\t\t\t\t<span class=\"subtitle\">Nord-Holland | 2020<\/span>\n\t\t\t\t\t<\/section>\n\t<\/a>\n<\/article>                            <\/div>\n        <\/div>\n    <\/section>\n\n\n\n<div class=\"wp-block-g2p-wrapper pb-0\"><div class=\"container\"><div class=\"row\"><div class=\"col-12\">\n<h1 class=\"wp-block-heading\">Unternehmensprojekte<\/h1>\n<\/div><\/div><\/div><\/div>\n\n\n    <section id=\"projects\" class=\"post-overview\">\n        <div class=\"container\">\n            <div class=\"row\">\n                                    <article class=\"feature-block col-12 col-md-6\">\n\t<a href=\"https:\/\/grandjohnson.com\/de\/projecten\/familienbuero\/\">\n\t\t<section class=\"featured-image\">\n\t\t\t<img decoding=\"async\" src=\"https:\/\/grandjohnson.com\/app\/uploads\/2023\/05\/Family-office-Noord-Holland-scaled-651x488-c-center.jpg\" alt=\"Family office | Noord Holland\" \/>\n\t\t<\/section>\n\t\t<section class=\"featured-meta\">\n\t\t\t<h2>Familienb\u00fcro<\/h2>\n\t\t\t\t\t\t<span class=\"subtitle\">Nord-Holland | 2024<\/span>\n\t\t\t\t\t<\/section>\n\t<\/a>\n<\/article>                                    <article class=\"feature-block col-12 col-md-6\">\n\t<a href=\"https:\/\/grandjohnson.com\/de\/projecten\/hauptgeschaeftsstelle\/\">\n\t\t<section class=\"featured-image\">\n\t\t\t<img decoding=\"async\" src=\"https:\/\/grandjohnson.com\/app\/uploads\/2021\/05\/Hoofdkantoor-Utrecht-scaled-651x488-c-center.jpg\" alt=\"Hoofdkantoor | Utrecht\" \/>\n\t\t<\/section>\n\t\t<section class=\"featured-meta\">\n\t\t\t<h2>Hauptgesch\u00e4ftstelle<\/h2>\n\t\t\t\t\t\t<span class=\"subtitle\">Utrecht | 2018<\/span>\n\t\t\t\t\t<\/section>\n\t<\/a>\n<\/article>                                    <article class=\"feature-block col-12 col-md-6\">\n\t<a href=\"https:\/\/grandjohnson.com\/de\/projecten\/projektentwicklung\/\">\n\t\t<section class=\"featured-image\">\n\t\t\t<img decoding=\"async\" src=\"https:\/\/grandjohnson.com\/app\/uploads\/2023\/05\/Kerkstraat-132-134-129-scaled-651x488-c-center.jpg\" alt=\"Kerkstraat 132-134-129\" \/>\n\t\t<\/section>\n\t\t<section class=\"featured-meta\">\n\t\t\t<h2>Projektentwicklung<\/h2>\n\t\t\t\t\t\t<span class=\"subtitle\">Nord-Holland | 2021<\/span>\n\t\t\t\t\t<\/section>\n\t<\/a>\n<\/article>                                    <article class=\"feature-block col-12 col-md-6\">\n\t<a href=\"https:\/\/grandjohnson.com\/de\/projecten\/design-herrenmodengeschaeft\/\">\n\t\t<section class=\"featured-image\">\n\t\t\t<img decoding=\"async\" src=\"https:\/\/grandjohnson.com\/app\/uploads\/2019\/12\/54-scaled-651x488-c-center.jpg\" alt=\"54\" \/>\n\t\t<\/section>\n\t\t<section class=\"featured-meta\">\n\t\t\t<h2>House of men<\/h2>\n\t\t\t\t\t\t<span class=\"subtitle\">Nord-Holland | 2018<\/span>\n\t\t\t\t\t<\/section>\n\t<\/a>\n<\/article>                                    <article class=\"feature-block col-12 col-md-6\">\n\t<a href=\"https:\/\/grandjohnson.com\/de\/projecten\/klassisches-gefuehl-mit-einer-modernen-note\/\">\n\t\t<section class=\"featured-image\">\n\t\t\t<img decoding=\"async\" src=\"https:\/\/grandjohnson.com\/app\/uploads\/2019\/12\/2354c-int-0000-scaled-651x488-c-center.jpg\" alt=\"2354c-int-0000\" \/>\n\t\t<\/section>\n\t\t<section class=\"featured-meta\">\n\t\t\t<h2>Luxuswohnungen<\/h2>\n\t\t\t\t\t\t<span class=\"subtitle\">Utrecht | 2017<\/span>\n\t\t\t\t\t<\/section>\n\t<\/a>\n<\/article>                                    <article class=\"feature-block col-12 col-md-6\">\n\t<a href=\"https:\/\/grandjohnson.com\/de\/projecten\/uniek-project-met-groots-uitzicht-over-de-caribbean\/\">\n\t\t<section class=\"featured-image\">\n\t\t\t<img decoding=\"async\" src=\"https:\/\/grandjohnson.com\/app\/uploads\/2019\/12\/P1295_GRANDJOHNSON_Leefruimte_app8-scaled-651x488-c-center.jpg\" alt=\"P1295_GRAND&#038;JOHNSON_Leefruimte_app8\" \/>\n\t\t<\/section>\n\t\t<section class=\"featured-meta\">\n\t\t\t<h2>Projekt in der Karibik<\/h2>\n\t\t\t\t\t\t<span class=\"subtitle\">Bonaire | 2020<\/span>\n\t\t\t\t\t<\/section>\n\t<\/a>\n<\/article>                                    <article class=\"feature-block col-12 col-md-6\">\n\t<a href=\"https:\/\/grandjohnson.com\/de\/projecten\/tandarts-met-stijl\/\">\n\t\t<section class=\"featured-image\">\n\t\t\t<img decoding=\"async\" src=\"https:\/\/grandjohnson.com\/app\/uploads\/2019\/12\/2520b-int0006-scaled-651x488-c-center.jpg\" alt=\"2520b-int0006\" \/>\n\t\t<\/section>\n\t\t<section class=\"featured-meta\">\n\t\t\t<h2>Zahnarztpraxis<\/h2>\n\t\t\t\t\t\t<span class=\"subtitle\">Limburg | 2020<\/span>\n\t\t\t\t\t<\/section>\n\t<\/a>\n<\/article>                            <\/div>\n        <\/div>\n    <\/section>\n\n\n\n<div style=\"height:50px\" aria-hidden=\"true\" class=\"wp-block-spacer\"><\/div>\n\n\n\n<div class=\"wp-block-buttons is-content-justification-center is-layout-flex wp-container-core-buttons-is-layout-16018d1d wp-block-buttons-is-layout-flex\">\n<div class=\"wp-block-button has-custom-width wp-block-button__width-25\"><a class=\"wp-block-button__link wp-element-button\" href=\"https:\/\/calendly.com\/bertel-grandjohnson\/1-persoonlijk-design-consult\" target=\"_blank\" rel=\"noreferrer noopener\">Vereinbaren Sie eine kostenlose Beratung<\/a><\/div>\n<\/div>\n\n\n\n<div style=\"height:100px\" aria-hidden=\"true\" class=\"wp-block-spacer\"><\/div>\n","protected":false},"excerpt":{"rendered":"","protected":false},"author":3,"featured_media":5238,"parent":0,"menu_order":0,"comment_status":"closed","ping_status":"closed","template":"page-templates\/page-projects.php","meta":{"_acf_changed":false,"footnotes":""},"class_list":["post-5653","page","type-page","status-publish","has-post-thumbnail","hentry"],"acf":[],"yoast_head":"<!-- This site is optimized with the Yoast SEO plugin v27.4 - https:\/\/yoast.com\/product\/yoast-seo-wordpress\/ -->\n<title>Projekte - Grand&amp;Johnson<\/title>\n<meta name=\"description\" content=\"Aus Liebe zum Design wird die Innenarchitektur f\u00fcr private und gewerbliche Projekte mit purer Aufmerksamkeit realisiert.\" \/>\n<meta name=\"robots\" content=\"index, follow, max-snippet:-1, max-image-preview:large, max-video-preview:-1\" \/>\n<link rel=\"canonical\" href=\"https:\/\/grandjohnson.com\/de\/projekte-grandjohnson\/\" \/>\n<meta property=\"og:locale\" content=\"de_DE\" \/>\n<meta property=\"og:type\" content=\"article\" \/>\n<meta property=\"og:title\" content=\"Projekte - Grand&amp;Johnson\" \/>\n<meta property=\"og:description\" content=\"Aus Liebe zum Design wird die Innenarchitektur f\u00fcr private und gewerbliche Projekte mit purer Aufmerksamkeit realisiert.\" \/>\n<meta property=\"og:url\" content=\"https:\/\/grandjohnson.com\/de\/projekte-grandjohnson\/\" \/>\n<meta property=\"og:site_name\" content=\"Grand&amp;Johnson\" \/>\n<meta property=\"article:modified_time\" content=\"2025-06-25T14:45:44+00:00\" \/>\n<meta property=\"og:image\" content=\"https:\/\/grandjohnson.com\/app\/uploads\/2021\/11\/3-GrandJohnson-1.jpg\" \/>\n\t<meta property=\"og:image:width\" content=\"1303\" \/>\n\t<meta property=\"og:image:height\" content=\"841\" \/>\n\t<meta property=\"og:image:type\" content=\"image\/jpeg\" \/>\n<meta name=\"twitter:card\" content=\"summary_large_image\" \/>\n<meta name=\"twitter:label1\" content=\"Est. reading time\" \/>\n\t<meta name=\"twitter:data1\" content=\"1 minute\" \/>\n<!-- \/ Yoast SEO plugin. -->","yoast_head_json":{"title":"Projekte - Grand&amp;Johnson","description":"Aus Liebe zum Design wird die Innenarchitektur f\u00fcr private und gewerbliche Projekte mit purer Aufmerksamkeit realisiert.","robots":{"index":"index","follow":"follow","max-snippet":"max-snippet:-1","max-image-preview":"max-image-preview:large","max-video-preview":"max-video-preview:-1"},"canonical":"https:\/\/grandjohnson.com\/de\/projekte-grandjohnson\/","og_locale":"de_DE","og_type":"article","og_title":"Projekte - Grand&amp;Johnson","og_description":"Aus Liebe zum Design wird die Innenarchitektur f\u00fcr private und gewerbliche Projekte mit purer Aufmerksamkeit realisiert.","og_url":"https:\/\/grandjohnson.com\/de\/projekte-grandjohnson\/","og_site_name":"Grand&amp;Johnson","article_modified_time":"2025-06-25T14:45:44+00:00","og_image":[{"width":1303,"height":841,"url":"https:\/\/grandjohnson.com\/app\/uploads\/2021\/11\/3-GrandJohnson-1.jpg","type":"image\/jpeg"}],"twitter_card":"summary_large_image","twitter_misc":{"Est. reading time":"1 minute"},"schema":{"@context":"https:\/\/schema.org","@graph":[{"@type":"WebPage","@id":"https:\/\/grandjohnson.com\/de\/projekte-grandjohnson\/","url":"https:\/\/grandjohnson.com\/de\/projekte-grandjohnson\/","name":"Projekte - Grand&amp;Johnson","isPartOf":{"@id":"https:\/\/grandjohnson.com\/#website"},"primaryImageOfPage":{"@id":"https:\/\/grandjohnson.com\/de\/projekte-grandjohnson\/#primaryimage"},"image":{"@id":"https:\/\/grandjohnson.com\/de\/projekte-grandjohnson\/#primaryimage"},"thumbnailUrl":"https:\/\/grandjohnson.com\/app\/uploads\/2021\/11\/3-GrandJohnson-1.jpg","datePublished":"2019-11-19T13:44:37+00:00","dateModified":"2025-06-25T14:45:44+00:00","description":"Aus Liebe zum Design wird die Innenarchitektur f\u00fcr private und gewerbliche Projekte mit purer Aufmerksamkeit realisiert.","breadcrumb":{"@id":"https:\/\/grandjohnson.com\/de\/projekte-grandjohnson\/#breadcrumb"},"inLanguage":"de-DE","potentialAction":[{"@type":"ReadAction","target":["https:\/\/grandjohnson.com\/de\/projekte-grandjohnson\/"]}]},{"@type":"ImageObject","inLanguage":"de-DE","@id":"https:\/\/grandjohnson.com\/de\/projekte-grandjohnson\/#primaryimage","url":"https:\/\/grandjohnson.com\/app\/uploads\/2021\/11\/3-GrandJohnson-1.jpg","contentUrl":"https:\/\/grandjohnson.com\/app\/uploads\/2021\/11\/3-GrandJohnson-1.jpg","width":1303,"height":841,"caption":"Publicatie | Grand&Johnson"},{"@type":"BreadcrumbList","@id":"https:\/\/grandjohnson.com\/de\/projekte-grandjohnson\/#breadcrumb","itemListElement":[{"@type":"ListItem","position":1,"name":"Home","item":"https:\/\/grandjohnson.com\/de\/"},{"@type":"ListItem","position":2,"name":"Projekte"}]},{"@type":"WebSite","@id":"https:\/\/grandjohnson.com\/#website","url":"https:\/\/grandjohnson.com\/","name":"Grand&amp;Johnson","description":"","potentialAction":[{"@type":"SearchAction","target":{"@type":"EntryPoint","urlTemplate":"https:\/\/grandjohnson.com\/?s={search_term_string}"},"query-input":{"@type":"PropertyValueSpecification","valueRequired":true,"valueName":"search_term_string"}}],"inLanguage":"de-DE"}]}},"_links":{"self":[{"href":"https:\/\/grandjohnson.com\/de\/wp-json\/wp\/v2\/pages\/5653","targetHints":{"allow":["GET"]}}],"collection":[{"href":"https:\/\/grandjohnson.com\/de\/wp-json\/wp\/v2\/pages"}],"about":[{"href":"https:\/\/grandjohnson.com\/de\/wp-json\/wp\/v2\/types\/page"}],"author":[{"embeddable":true,"href":"https:\/\/grandjohnson.com\/de\/wp-json\/wp\/v2\/users\/3"}],"replies":[{"embeddable":true,"href":"https:\/\/grandjohnson.com\/de\/wp-json\/wp\/v2\/comments?post=5653"}],"version-history":[{"count":17,"href":"https:\/\/grandjohnson.com\/de\/wp-json\/wp\/v2\/pages\/5653\/revisions"}],"predecessor-version":[{"id":10362,"href":"https:\/\/grandjohnson.com\/de\/wp-json\/wp\/v2\/pages\/5653\/revisions\/10362"}],"wp:featuredmedia":[{"embeddable":true,"href":"https:\/\/grandjohnson.com\/de\/wp-json\/wp\/v2\/media\/5238"}],"wp:attachment":[{"href":"https:\/\/grandjohnson.com\/de\/wp-json\/wp\/v2\/media?parent=5653"}],"curies":[{"name":"wp","href":"https:\/\/api.w.org\/{rel}","templated":true}]}}