{"id":10210,"date":"2025-04-11T14:19:31","date_gmt":"2025-04-11T12:19:31","guid":{"rendered":"https:\/\/grandjohnson.com\/contact-team\/"},"modified":"2025-06-25T16:28:17","modified_gmt":"2025-06-25T14:28:17","slug":"kontakt","status":"publish","type":"page","link":"https:\/\/grandjohnson.com\/de\/kontakt\/","title":{"rendered":"Kontakt"},"content":{"rendered":"\n<div class=\"wp-block-g2p-wrapper contact-page\"><div class=\"container\"><div class=\"row\"><div class=\"col-12\">\n<h1 class=\"wp-block-heading\" id=\"contact\" style=\"font-size:30px\">Kontakt<\/h1>\n\n\n\n<p><\/p>\n\n\n\n<div class=\"wp-block-columns is-layout-flex wp-container-core-columns-is-layout-9d6595d7 wp-block-columns-is-layout-flex\">\n<div class=\"wp-block-column custom-contact-column-1 is-layout-flow wp-block-column-is-layout-flow\" style=\"flex-basis:50%\">\n<p><strong><strong><strong>Allgemein<\/strong><\/strong><\/strong><\/p>\n\n\n\n<p>T: +31 20 670 40 65<br>E: <a href=\"mailto:info@grandjohnson.com\">info@grandjohnson.com<\/a><\/p>\n\n\n\n<p><\/p>\n\n\n\n<p><strong>\u00d6ffnungszeiten<\/strong><\/p>\n\n\n\n<p>Montag bis Freitag von 9.00 Uhr bis 17.30 Uhr<\/p>\n\n\n\n<p><strong>Adresse<\/strong><\/p>\n\n\n\n<p>Krijn Taconiskade 563<br>1087 HW Amsterdam<\/p>\n\n\n\n<p>Unser Studio befindet sich in dem Geb\u00e4ude \u2018The Jonas\u2019. Der Eingang des Studios befindet sich in der Fu\u00dfg\u00e4ngerzone. <\/p>\n\n\n\n<p>Im unteren Teil des Geb\u00e4udes haben wir einen Parkplatz f\u00fcr unsere Kunden. Bitte teilen Sie uns im Voraus mit, ob Sie diesen nutzen m\u00f6chten. Kostenpflichtige Parkpl\u00e4tze finden Sie in der Nachbarschaft oder an der Bert Haanstrakade in der N\u00e4he des Four Elements Hotel, von wo aus Sie \u00fcber eine Fu\u00dfg\u00e4ngerbr\u00fccke zu unserem Studio gelangen.<\/p>\n<\/div>\n\n\n\n<div class=\"wp-block-column custom-contact-column-2 is-layout-flow wp-block-column-is-layout-flow\" style=\"flex-basis:50%\">\n<iframe src=\"https:\/\/www.google.com\/maps\/embed?pb=!1m18!1m12!1m3!1d4873.807825933619!2d5.00208447706042!3d52.354027972018066!2m3!1f0!2f0!3f0!3m2!1i1024!2i768!4f13.1!3m3!1m2!1s0x47c60e9724feb0b3%3A0x3c3789d5a18fedf6!2sKrijn%20Taconiskade%20563%2C%201087%20HW%20Amsterdam!5e0!3m2!1snl!2snl!4v1725013696279!5m2!1snl!2snl\" width=\"600\" height=\"450\" style=\"border:0;\" allowfullscreen=\"\" loading=\"lazy\" referrerpolicy=\"no-referrer-when-downgrade\"><\/iframe>\n<\/div>\n<\/div>\n\n\n\n<div style=\"height:100px\" aria-hidden=\"true\" class=\"wp-block-spacer\"><\/div>\n\n\n\n<h2 class=\"wp-block-heading\">Es f\u00e4ngt mit einem Gespr\u00e4ch an<\/h2>\n\n\n\n<p>Sie w\u00fcnschen eine Beratung oder haben eine Frage? <a href=\"https:\/\/calendly.com\/bertel-grandjohnson\/1-persoonlijk-design-consult\" target=\"_blank\" rel=\"noreferrer noopener\">Vereinbaren Sie sofort einen kostenlosen Beratungstermin<\/a> oder f\u00fcllen Sie das untenstehende Formular aus und wir werden uns mit Ihnen in Verbindung setzen.<\/p>\n\n\n<div class=\"_form_15\"><\/div>\n<p><script src=\"https:\/\/grandjohnson.activehosted.com\/f\/embed.php?id=15\" charset=\"utf-8\"><\/script><\/p>\n\n\n\n<div style=\"height:75px\" aria-hidden=\"true\" class=\"wp-block-spacer\"><\/div>\n<\/div><\/div><\/div><\/div>\n","protected":false},"excerpt":{"rendered":"","protected":false},"author":6,"featured_media":9418,"parent":0,"menu_order":0,"comment_status":"closed","ping_status":"closed","template":"","meta":{"_acf_changed":false,"footnotes":""},"class_list":["post-10210","page","type-page","status-publish","has-post-thumbnail","hentry"],"acf":[],"yoast_head":"<!-- This site is optimized with the Yoast SEO plugin v27.3 - https:\/\/yoast.com\/product\/yoast-seo-wordpress\/ -->\n<title>Kontakt - Grand&amp;Johnson<\/title>\n<meta name=\"description\" content=\"Hier finden Sie eine Wegbeschreibung zum Designstudio und die M\u00f6glichkeit, das Team von Grand&amp;Johnson zu kontaktieren.\" \/>\n<meta name=\"robots\" content=\"index, follow, max-snippet:-1, max-image-preview:large, max-video-preview:-1\" \/>\n<link rel=\"canonical\" href=\"https:\/\/grandjohnson.com\/de\/kontakt\/\" \/>\n<meta property=\"og:locale\" content=\"de_DE\" \/>\n<meta property=\"og:type\" content=\"article\" \/>\n<meta property=\"og:title\" content=\"Kontakt - Grand&amp;Johnson\" \/>\n<meta property=\"og:description\" content=\"Hier finden Sie eine Wegbeschreibung zum Designstudio und die M\u00f6glichkeit, das Team von Grand&amp;Johnson zu kontaktieren.\" \/>\n<meta property=\"og:url\" content=\"https:\/\/grandjohnson.com\/de\/kontakt\/\" \/>\n<meta property=\"og:site_name\" content=\"Grand&amp;Johnson\" \/>\n<meta property=\"article:modified_time\" content=\"2025-06-25T14:28:17+00:00\" \/>\n<meta property=\"og:image\" content=\"https:\/\/grandjohnson.com\/app\/uploads\/2025\/01\/ijburg-haven.jpg\" \/>\n\t<meta property=\"og:image:width\" content=\"800\" \/>\n\t<meta property=\"og:image:height\" content=\"533\" \/>\n\t<meta property=\"og:image:type\" content=\"image\/jpeg\" \/>\n<meta name=\"twitter:card\" content=\"summary_large_image\" \/>\n<meta name=\"twitter:label1\" content=\"Est. reading time\" \/>\n\t<meta name=\"twitter:data1\" content=\"1 minute\" \/>\n<!-- \/ Yoast SEO plugin. -->","yoast_head_json":{"title":"Kontakt - Grand&amp;Johnson","description":"Hier finden Sie eine Wegbeschreibung zum Designstudio und die M\u00f6glichkeit, das Team von Grand&Johnson zu kontaktieren.","robots":{"index":"index","follow":"follow","max-snippet":"max-snippet:-1","max-image-preview":"max-image-preview:large","max-video-preview":"max-video-preview:-1"},"canonical":"https:\/\/grandjohnson.com\/de\/kontakt\/","og_locale":"de_DE","og_type":"article","og_title":"Kontakt - Grand&amp;Johnson","og_description":"Hier finden Sie eine Wegbeschreibung zum Designstudio und die M\u00f6glichkeit, das Team von Grand&Johnson zu kontaktieren.","og_url":"https:\/\/grandjohnson.com\/de\/kontakt\/","og_site_name":"Grand&amp;Johnson","article_modified_time":"2025-06-25T14:28:17+00:00","og_image":[{"width":800,"height":533,"url":"https:\/\/grandjohnson.com\/app\/uploads\/2025\/01\/ijburg-haven.jpg","type":"image\/jpeg"}],"twitter_card":"summary_large_image","twitter_misc":{"Est. reading time":"1 minute"},"schema":{"@context":"https:\/\/schema.org","@graph":[{"@type":"WebPage","@id":"https:\/\/grandjohnson.com\/de\/kontakt\/","url":"https:\/\/grandjohnson.com\/de\/kontakt\/","name":"Kontakt - Grand&amp;Johnson","isPartOf":{"@id":"https:\/\/grandjohnson.com\/#website"},"primaryImageOfPage":{"@id":"https:\/\/grandjohnson.com\/de\/kontakt\/#primaryimage"},"image":{"@id":"https:\/\/grandjohnson.com\/de\/kontakt\/#primaryimage"},"thumbnailUrl":"https:\/\/grandjohnson.com\/app\/uploads\/2025\/01\/ijburg-haven.jpg","datePublished":"2025-04-11T12:19:31+00:00","dateModified":"2025-06-25T14:28:17+00:00","description":"Hier finden Sie eine Wegbeschreibung zum Designstudio und die M\u00f6glichkeit, das Team von Grand&Johnson zu kontaktieren.","breadcrumb":{"@id":"https:\/\/grandjohnson.com\/de\/kontakt\/#breadcrumb"},"inLanguage":"de-DE","potentialAction":[{"@type":"ReadAction","target":["https:\/\/grandjohnson.com\/de\/kontakt\/"]}]},{"@type":"ImageObject","inLanguage":"de-DE","@id":"https:\/\/grandjohnson.com\/de\/kontakt\/#primaryimage","url":"https:\/\/grandjohnson.com\/app\/uploads\/2025\/01\/ijburg-haven.jpg","contentUrl":"https:\/\/grandjohnson.com\/app\/uploads\/2025\/01\/ijburg-haven.jpg","width":800,"height":533,"caption":"ontwerpstudio Grand&Johnson | haven ijburg"},{"@type":"BreadcrumbList","@id":"https:\/\/grandjohnson.com\/de\/kontakt\/#breadcrumb","itemListElement":[{"@type":"ListItem","position":1,"name":"Home","item":"https:\/\/grandjohnson.com\/de\/"},{"@type":"ListItem","position":2,"name":"Kontakt"}]},{"@type":"WebSite","@id":"https:\/\/grandjohnson.com\/#website","url":"https:\/\/grandjohnson.com\/","name":"Grand&amp;Johnson","description":"","potentialAction":[{"@type":"SearchAction","target":{"@type":"EntryPoint","urlTemplate":"https:\/\/grandjohnson.com\/?s={search_term_string}"},"query-input":{"@type":"PropertyValueSpecification","valueRequired":true,"valueName":"search_term_string"}}],"inLanguage":"de-DE"}]}},"_links":{"self":[{"href":"https:\/\/grandjohnson.com\/de\/wp-json\/wp\/v2\/pages\/10210","targetHints":{"allow":["GET"]}}],"collection":[{"href":"https:\/\/grandjohnson.com\/de\/wp-json\/wp\/v2\/pages"}],"about":[{"href":"https:\/\/grandjohnson.com\/de\/wp-json\/wp\/v2\/types\/page"}],"author":[{"embeddable":true,"href":"https:\/\/grandjohnson.com\/de\/wp-json\/wp\/v2\/users\/6"}],"replies":[{"embeddable":true,"href":"https:\/\/grandjohnson.com\/de\/wp-json\/wp\/v2\/comments?post=10210"}],"version-history":[{"count":5,"href":"https:\/\/grandjohnson.com\/de\/wp-json\/wp\/v2\/pages\/10210\/revisions"}],"predecessor-version":[{"id":10351,"href":"https:\/\/grandjohnson.com\/de\/wp-json\/wp\/v2\/pages\/10210\/revisions\/10351"}],"wp:featuredmedia":[{"embeddable":true,"href":"https:\/\/grandjohnson.com\/de\/wp-json\/wp\/v2\/media\/9418"}],"wp:attachment":[{"href":"https:\/\/grandjohnson.com\/de\/wp-json\/wp\/v2\/media?parent=10210"}],"curies":[{"name":"wp","href":"https:\/\/api.w.org\/{rel}","templated":true}]}}