{"id":10193,"date":"2025-04-11T13:50:59","date_gmt":"2025-04-11T11:50:59","guid":{"rendered":"https:\/\/grandjohnson.com\/werkwijze-nieuw\/"},"modified":"2026-01-07T18:11:55","modified_gmt":"2026-01-07T17:11:55","slug":"arbeitsmethode","status":"publish","type":"page","link":"https:\/\/grandjohnson.com\/de\/arbeitsmethode\/","title":{"rendered":"Arbeitsmethode"},"content":{"rendered":"\n<div class=\"wp-block-g2p-wrapper\"><div class=\"container\"><div class=\"row\"><div class=\"col-12\">\n<div class=\"wp-block-columns is-layout-flex wp-container-core-columns-is-layout-9d6595d7 wp-block-columns-is-layout-flex\">\n<div class=\"wp-block-column is-layout-flow wp-block-column-is-layout-flow\">\n<figure class=\"wp-block-image size-large\"><img loading=\"lazy\" decoding=\"async\" width=\"768\" height=\"1024\" src=\"https:\/\/grandjohnson.com\/app\/uploads\/2025\/03\/Studio-Team-Grand-Johnson-20250213-v4-1-768x1024.jpg\" alt=\"\" class=\"wp-image-9837\" srcset=\"https:\/\/grandjohnson.com\/app\/uploads\/2025\/03\/Studio-Team-Grand-Johnson-20250213-v4-1-768x1024.jpg 768w, https:\/\/grandjohnson.com\/app\/uploads\/2025\/03\/Studio-Team-Grand-Johnson-20250213-v4-1-225x300.jpg 225w, https:\/\/grandjohnson.com\/app\/uploads\/2025\/03\/Studio-Team-Grand-Johnson-20250213-v4-1-1152x1536.jpg 1152w, https:\/\/grandjohnson.com\/app\/uploads\/2025\/03\/Studio-Team-Grand-Johnson-20250213-v4-1-1170x1560.jpg 1170w, https:\/\/grandjohnson.com\/app\/uploads\/2025\/03\/Studio-Team-Grand-Johnson-20250213-v4-1.jpg 1536w\"  sizes=\"(max-width: 768px) 100vw, 768px\" \/><\/figure>\n<\/div>\n\n\n\n<div class=\"wp-block-column is-layout-flow wp-block-column-is-layout-flow\">\n<h1 class=\"wp-block-heading\">Unsere Arbeitsmethode<\/h1>\n\n\n\n<p>Es geht um Ihre Erfahrung. Ob es sich um luxuri\u00f6se Wohn- oder Arbeitsr\u00e4ume handelt, unser Ziel ist immer dasselbe: eine Einrichtung zu schaffen, die nicht nur atemberaubend ist, sondern auch perfekt zu Ihren pers\u00f6nlichen W\u00fcnschen und Ihrem Lebensstil passt. Wir h\u00f6ren uns Ihre Tr\u00e4ume an, verstehen Ihre Anliegen und denken mit Ihnen mit, um jedes Detail nahtlos umzusetzen &#8211; von der Skizze bis zur Fertigstellung.<\/p>\n\n\n\n<p>Kein Projekt ist wie das andere, deshalb bieten wir Ihnen einen individuellen Ansatz, der ganz auf Ihre Bed\u00fcrfnisse zugeschnitten ist. Ganz gleich, ob es sich um ein Neubauprojekt handelt, bei dem wir uns von A bis Z um alles k\u00fcmmern, oder ob Sie uns einfach nur bitten, \u00fcber die M\u00f6glichkeiten einer Immobilie mitzudenken.<\/p>\n\n\n\n<p><\/p>\n\n\n\n<p><\/p>\n\n\n\n<p><\/p>\n<\/div>\n<\/div>\n\n\n\n<div style=\"height:35px\" aria-hidden=\"true\" class=\"wp-block-spacer\"><\/div>\n\n\n\n<div class=\"wp-block-columns is-layout-flex wp-container-core-columns-is-layout-9d6595d7 wp-block-columns-is-layout-flex\">\n<div class=\"wp-block-column is-layout-flow wp-block-column-is-layout-flow\">\n<h2 class=\"wp-block-heading\">Unternehmen und Projektentwicklung<\/h2>\n\n\n\n<p>Neben den Entw\u00fcrfen f\u00fcr Wohnimmobilien entwerfen wir auch f\u00fcr Unternehmen und Projektentwicklungen.<\/p>\n\n\n\n<p><\/p>\n\n\n\n<p>Neben unserer Kernkompetenz in der Innenraumgestaltung bieten wir mit unserem hauseigenen Architekten auch die Gestaltung von Au\u00dfenanlagen, Genehmigungsantr\u00e4ge und bautechnische Unterst\u00fctzung an. Mit unserem sorgf\u00e4ltig zusammengestellten Netzwerk aus zuverl\u00e4ssigen Lieferanten und Handwerkern bieten wir neben Qualit\u00e4t auch Sicherheit und \u00dcbersicht w\u00e4hrend des gesamten Prozesses. Ein oft untersch\u00e4tzter, aber entscheidender Aspekt, der zum Erfolg des Projekts beitr\u00e4gtct.<\/p>\n\n\n\n<div style=\"height:50px\" aria-hidden=\"true\" class=\"wp-block-spacer\"><\/div>\n\n\n\n<div class=\"wp-block-buttons is-content-justification-center is-layout-flex wp-container-core-buttons-is-layout-16018d1d wp-block-buttons-is-layout-flex\">\n<div class=\"wp-block-button\"><a class=\"wp-block-button__link wp-element-button\" href=\"https:\/\/calendly.com\/bertel-grandjohnson\/1-persoonlijk-design-consult\" target=\"_blank\" rel=\"noreferrer noopener\">Vereinbaren Sie eine kostenlose Beratung<\/a><\/div>\n<\/div>\n<\/div>\n\n\n\n<div class=\"wp-block-column is-layout-flow wp-block-column-is-layout-flow\">\n<figure class=\"wp-block-image size-large\"><img loading=\"lazy\" decoding=\"async\" width=\"684\" height=\"1024\" src=\"https:\/\/grandjohnson.com\/app\/uploads\/2025\/03\/GrandJohnson-Vondelpark-20230418-15-684x1024.jpg\" alt=\"\" class=\"wp-image-9869\" srcset=\"https:\/\/grandjohnson.com\/app\/uploads\/2025\/03\/GrandJohnson-Vondelpark-20230418-15-684x1024.jpg 684w, https:\/\/grandjohnson.com\/app\/uploads\/2025\/03\/GrandJohnson-Vondelpark-20230418-15-200x300.jpg 200w, https:\/\/grandjohnson.com\/app\/uploads\/2025\/03\/GrandJohnson-Vondelpark-20230418-15-768x1151.jpg 768w, https:\/\/grandjohnson.com\/app\/uploads\/2025\/03\/GrandJohnson-Vondelpark-20230418-15.jpg 801w\"  sizes=\"(max-width: 684px) 100vw, 684px\" \/><\/figure>\n<\/div>\n<\/div>\n\n\n\n<div style=\"height:50px\" aria-hidden=\"true\" class=\"wp-block-spacer\"><\/div>\n\n\n\n<blockquote class=\"wp-block-quote is-layout-flow wp-block-quote-is-layout-flow\">\n<p class=\"has-text-align-center has-medium-font-size\"><em>&#8216;<em>Jeder Raum verwundert, das Ganze bildet eine Ein<\/em>heit.&#8217;<\/em><\/p>\n<\/blockquote>\n\n\n\n<div style=\"height:75px\" aria-hidden=\"true\" class=\"wp-block-spacer\"><\/div>\n\n\n\n<h2 class=\"wp-block-heading\">Totales Projekt<\/h2>\n\n\n\n<p>Sie fragen sich, wie wir Ihre Traumeinrichtung zum Leben erwecken? Lesen Sie unten mehr \u00fcber unsere Arbeitsweise. So wissen Sie genau, was Sie in jeder Phase des Projekts von uns erwarten k\u00f6nnen.<\/p>\n\n\n\n<div class=\"wp-block-columns is-layout-flex wp-container-core-columns-is-layout-9d6595d7 wp-block-columns-is-layout-flex\">\n<div class=\"wp-block-column is-layout-flow wp-block-column-is-layout-flow\" style=\"flex-basis:66.66%\">\n<h3 class=\"wp-block-heading\">Einf\u00fchrung<\/h3>\n\n\n\n<p>Wir legen Wert auf pers\u00f6nliche Betreuung. Deshalb beginnen wir immer mit einer informellen Einf\u00fchrung bei Ihnen zu Hause. So haben wir die M\u00f6glichkeit, uns besser kennen zu lernen und Ihre W\u00fcnsche zu besprechen. Anschlie\u00dfend planen wir ein ausf\u00fchrliches Beratungsgespr\u00e4ch in unserem Studio. Dabei treffen Sie unser Team und wir besprechen ausf\u00fchrlich Ihre Anforderungen, W\u00fcnsche und Tr\u00e4ume f\u00fcr Ihr neues Zuhause oder Ihre Gesch\u00e4ftsr\u00e4ume. Auf der Grundlage dieser Informationen erstellen wir ein erstes Budget.<\/p>\n<\/div>\n\n\n\n<div class=\"wp-block-column is-layout-flow wp-block-column-is-layout-flow\" style=\"flex-basis:33.33%\">\n<figure class=\"wp-block-image size-full\"><img loading=\"lazy\" decoding=\"async\" width=\"572\" height=\"715\" src=\"https:\/\/grandjohnson.com\/app\/uploads\/2026\/01\/8fc07f50-2d45-4380-b88a-73bbdf2a99a3-2.jpg\" alt=\"\" class=\"wp-image-10824\" srcset=\"https:\/\/grandjohnson.com\/app\/uploads\/2026\/01\/8fc07f50-2d45-4380-b88a-73bbdf2a99a3-2.jpg 572w, https:\/\/grandjohnson.com\/app\/uploads\/2026\/01\/8fc07f50-2d45-4380-b88a-73bbdf2a99a3-2-240x300.jpg 240w\"  sizes=\"(max-width: 572px) 100vw, 572px\" \/><\/figure>\n<\/div>\n<\/div>\n\n\n\n<div style=\"height:35px\" aria-hidden=\"true\" class=\"wp-block-spacer\"><\/div>\n\n\n\n<div class=\"wp-block-columns is-layout-flex wp-container-core-columns-is-layout-9d6595d7 wp-block-columns-is-layout-flex\">\n<div class=\"wp-block-column is-layout-flow wp-block-column-is-layout-flow\" style=\"flex-basis:66.66%\">\n<h3 class=\"wp-block-heading\">Konzeptentwurf<\/h3>\n\n\n\n<p>Nach der Budgetgenehmigung beginnen wir mit dem Konzeptentwurf, der Grundlage jedes Projekts. Unser gesamtes Team arbeitet gemeinsam an diesem Entwurf. Indem wir unsere Kreativit\u00e4t b\u00fcndeln, k\u00f6nnen wir das maximale Potenzial aussch\u00f6pfen. Wir erkunden die M\u00f6glichkeiten des Grundst\u00fccks in Kombination mit dem Anforderungsprogramm und konzentrieren uns darauf, das perfekte Layout und die Streckenf\u00fchrung zu finden. Zusammen mit einem ersten Entwurf f\u00fcr die Verwendung von Farben und Materialien bestimmen wir die Atmosph\u00e4re, die Ihren Bed\u00fcrfnissen entspricht.<\/p>\n<\/div>\n\n\n\n<div class=\"wp-block-column is-layout-flow wp-block-column-is-layout-flow\" style=\"flex-basis:33.33%\">\n<figure class=\"wp-block-image size-large\"><img loading=\"lazy\" decoding=\"async\" width=\"768\" height=\"1024\" src=\"https:\/\/grandjohnson.com\/app\/uploads\/2024\/10\/IMG_5101-768x1024.jpg\" alt=\"Grand&amp;Johnson | conceptontwerp\" class=\"wp-image-9031\" srcset=\"https:\/\/grandjohnson.com\/app\/uploads\/2024\/10\/IMG_5101-768x1024.jpg 768w, https:\/\/grandjohnson.com\/app\/uploads\/2024\/10\/IMG_5101-225x300.jpg 225w, https:\/\/grandjohnson.com\/app\/uploads\/2024\/10\/IMG_5101-1152x1536.jpg 1152w, https:\/\/grandjohnson.com\/app\/uploads\/2024\/10\/IMG_5101-1536x2048.jpg 1536w, https:\/\/grandjohnson.com\/app\/uploads\/2024\/10\/IMG_5101-1170x1560.jpg 1170w, https:\/\/grandjohnson.com\/app\/uploads\/2024\/10\/IMG_5101-scaled.jpg 1920w\"  sizes=\"(max-width: 768px) 100vw, 768px\" \/><\/figure>\n<\/div>\n<\/div>\n\n\n\n<div style=\"height:35px\" aria-hidden=\"true\" class=\"wp-block-spacer\"><\/div>\n\n\n\n<div class=\"wp-block-columns is-layout-flex wp-container-core-columns-is-layout-9d6595d7 wp-block-columns-is-layout-flex\">\n<div class=\"wp-block-column is-layout-flow wp-block-column-is-layout-flow\" style=\"flex-basis:66.66%\">\n<h3 class=\"wp-block-heading\">Vorl\u00e4ufiger Entwurf<\/h3>\n\n\n\n<p>Nach der Konzeptphase fahren wir mit der Innenraumgestaltung fort. Wir visualisieren den Entwurf in verschiedenen 3D-Visualisierungen, damit Sie eine konkrete Vorstellung vom Endergebnis bekommen. Nach unserer Pr\u00e4sentation nehmen wir Ihr Feedback auf und passen den Entwurf so lange an, bis er ganz nach Ihrem Geschmack ist.<\/p>\n<\/div>\n\n\n\n<div class=\"wp-block-column is-layout-flow wp-block-column-is-layout-flow\" style=\"flex-basis:33.33%\">\n<figure class=\"wp-block-image size-large\"><img loading=\"lazy\" decoding=\"async\" width=\"819\" height=\"1024\" src=\"https:\/\/grandjohnson.com\/app\/uploads\/2024\/10\/Enscape_2024-07-24-14-25-03-819x1024.png\" alt=\"Grand&amp;Johnson | voorlopig ontwerp\" class=\"wp-image-9034\" srcset=\"https:\/\/grandjohnson.com\/app\/uploads\/2024\/10\/Enscape_2024-07-24-14-25-03-819x1024.png 819w, https:\/\/grandjohnson.com\/app\/uploads\/2024\/10\/Enscape_2024-07-24-14-25-03-240x300.png 240w, https:\/\/grandjohnson.com\/app\/uploads\/2024\/10\/Enscape_2024-07-24-14-25-03-768x960.png 768w, https:\/\/grandjohnson.com\/app\/uploads\/2024\/10\/Enscape_2024-07-24-14-25-03-1229x1536.png 1229w, https:\/\/grandjohnson.com\/app\/uploads\/2024\/10\/Enscape_2024-07-24-14-25-03-1638x2048.png 1638w, https:\/\/grandjohnson.com\/app\/uploads\/2024\/10\/Enscape_2024-07-24-14-25-03-1170x1463.png 1170w, https:\/\/grandjohnson.com\/app\/uploads\/2024\/10\/Enscape_2024-07-24-14-25-03.png 1728w\"  sizes=\"(max-width: 819px) 100vw, 819px\" \/><\/figure>\n<\/div>\n<\/div>\n\n\n\n<div style=\"height:35px\" aria-hidden=\"true\" class=\"wp-block-spacer\"><\/div>\n\n\n\n<div class=\"wp-block-columns is-layout-flex wp-container-core-columns-is-layout-9d6595d7 wp-block-columns-is-layout-flex\">\n<div class=\"wp-block-column is-layout-flow wp-block-column-is-layout-flow\" style=\"flex-basis:66.66%\">\n<h3 class=\"wp-block-heading\">Definitiver Entwurf<\/h3>\n\n\n\n<p>In dieser Phase entwickeln wir die Pl\u00e4ne weiter zu einem konkreten Plan, der umgesetzt werden soll. Wir unterteilen das endg\u00fcltige Design in zwei Phasen.<\/p>\n\n\n\n<p>In der ersten Phase k\u00fcmmern wir uns um das M\u00f6beldesign, alle Konstruktionsdetails und die Verwendung von Materialien und Farben. Dies wird in einem detaillierten Dokument f\u00fcr das Bauteam zusammengefasst. Wir erstellen auch den technischen Beleuchtungsplan f\u00fcr den Installateur.<\/p>\n\n\n\n<p>In der zweiten Phase entwerfen wir den Plan f\u00fcr die losen M\u00f6bel, die \u00e4sthetische Beleuchtung und die Fensterverkleidungen.<\/p>\n<\/div>\n\n\n\n<div class=\"wp-block-column is-layout-flow wp-block-column-is-layout-flow\" style=\"flex-basis:33.33%\">\n<figure class=\"wp-block-image size-large\"><img loading=\"lazy\" decoding=\"async\" width=\"768\" height=\"1024\" src=\"https:\/\/grandjohnson.com\/app\/uploads\/2024\/10\/3IMG_5700-768x1024.png\" alt=\"Grand&amp;Johnson | definitief ontwerp\" class=\"wp-image-9037\" srcset=\"https:\/\/grandjohnson.com\/app\/uploads\/2024\/10\/3IMG_5700-768x1024.png 768w, https:\/\/grandjohnson.com\/app\/uploads\/2024\/10\/3IMG_5700-225x300.png 225w, https:\/\/grandjohnson.com\/app\/uploads\/2024\/10\/3IMG_5700-1152x1536.png 1152w, https:\/\/grandjohnson.com\/app\/uploads\/2024\/10\/3IMG_5700-1536x2048.png 1536w, https:\/\/grandjohnson.com\/app\/uploads\/2024\/10\/3IMG_5700-1170x1560.png 1170w\"  sizes=\"(max-width: 768px) 100vw, 768px\" \/><\/figure>\n<\/div>\n<\/div>\n\n\n\n<div style=\"height:35px\" aria-hidden=\"true\" class=\"wp-block-spacer\"><\/div>\n\n\n\n<div class=\"wp-block-columns is-layout-flex wp-container-core-columns-is-layout-9d6595d7 wp-block-columns-is-layout-flex\">\n<div class=\"wp-block-column is-layout-flow wp-block-column-is-layout-flow\" style=\"flex-basis:66.66%\">\n<h3 class=\"wp-block-heading\">Umsetzung<\/h3>\n\n\n\n<p>Optional bieten wir eine \u00e4sthetische Baubegleitung w\u00e4hrend der Bauausf\u00fchrung an. Dazu geh\u00f6ren die Kontrolle der technischen Zeichnungen der Lieferanten sowie die Ausf\u00fchrung der verschiedenen Bauphasen. Bei Bedarf sind wir bei Baubesprechungen anwesend, um bei der Ausf\u00fchrung der Pl\u00e4ne zu helfen. Auf diese Weise entlasten wir Sie als Bauherr und \u00fcberwachen die Ausf\u00fchrung des Entwurfs.<\/p>\n<\/div>\n\n\n\n<div class=\"wp-block-column is-layout-flow wp-block-column-is-layout-flow\" style=\"flex-basis:33.33%\">\n<figure class=\"wp-block-image size-large\"><img loading=\"lazy\" decoding=\"async\" width=\"819\" height=\"1024\" src=\"https:\/\/grandjohnson.com\/app\/uploads\/2024\/10\/7580EF21-AD79-443B-8EDB-F2A5982276FB-kopie-819x1024.png\" alt=\"Grand&amp;Johnson | Uitvoering\" class=\"wp-image-9040\" srcset=\"https:\/\/grandjohnson.com\/app\/uploads\/2024\/10\/7580EF21-AD79-443B-8EDB-F2A5982276FB-kopie-819x1024.png 819w, https:\/\/grandjohnson.com\/app\/uploads\/2024\/10\/7580EF21-AD79-443B-8EDB-F2A5982276FB-kopie-240x300.png 240w, https:\/\/grandjohnson.com\/app\/uploads\/2024\/10\/7580EF21-AD79-443B-8EDB-F2A5982276FB-kopie-768x960.png 768w, https:\/\/grandjohnson.com\/app\/uploads\/2024\/10\/7580EF21-AD79-443B-8EDB-F2A5982276FB-kopie.png 1170w\"  sizes=\"(max-width: 819px) 100vw, 819px\" \/><\/figure>\n<\/div>\n<\/div>\n\n\n\n<div style=\"height:35px\" aria-hidden=\"true\" class=\"wp-block-spacer\"><\/div>\n\n\n\n<div class=\"wp-block-columns is-layout-flex wp-container-core-columns-is-layout-9d6595d7 wp-block-columns-is-layout-flex\">\n<div class=\"wp-block-column is-layout-flow wp-block-column-is-layout-flow\" style=\"flex-basis:66.66%\">\n<h3 class=\"wp-block-heading\">Fertigstellung<\/h3>\n\n\n\n<p>Wir bieten Ihnen die M\u00f6glichkeit, die Einrichtung mit sorgf\u00e4ltig ausgew\u00e4hlter Kunst, Styling und Bepflanzung zu vervollst\u00e4ndigen. Dabei arbeitet unser Team mit Ihnen zusammen, um ein Endergebnis zu schaffen, das perfekt zu Ihrem Stil passt. Ein Interieur, das Ihre Erwartungen zweifellos \u00fcbertrifft.<\/p>\n\n\n\n<div style=\"height:50px\" aria-hidden=\"true\" class=\"wp-block-spacer\"><\/div>\n\n\n\n<div class=\"wp-block-buttons is-content-justification-center is-layout-flex wp-container-core-buttons-is-layout-16018d1d wp-block-buttons-is-layout-flex\">\n<div class=\"wp-block-button\"><a class=\"wp-block-button__link wp-element-button\" href=\"https:\/\/calendly.com\/bertel-grandjohnson\/1-persoonlijk-design-consult\" target=\"_blank\" rel=\"noreferrer noopener\">Vereinbaren Sie einen Termin<\/a><\/div>\n<\/div>\n<\/div>\n\n\n\n<div class=\"wp-block-column is-layout-flow wp-block-column-is-layout-flow\" style=\"flex-basis:33.33%\">\n<figure class=\"wp-block-image size-large\"><img loading=\"lazy\" decoding=\"async\" width=\"684\" height=\"1024\" src=\"https:\/\/grandjohnson.com\/app\/uploads\/2024\/10\/GrandJohnson-20220810-33-1-684x1024.jpg\" alt=\"Grand&amp;Johnson | oplevering\" class=\"wp-image-8817\" srcset=\"https:\/\/grandjohnson.com\/app\/uploads\/2024\/10\/GrandJohnson-20220810-33-1-684x1024.jpg 684w, https:\/\/grandjohnson.com\/app\/uploads\/2024\/10\/GrandJohnson-20220810-33-1-200x300.jpg 200w, https:\/\/grandjohnson.com\/app\/uploads\/2024\/10\/GrandJohnson-20220810-33-1-768x1151.jpg 768w, https:\/\/grandjohnson.com\/app\/uploads\/2024\/10\/GrandJohnson-20220810-33-1-1025x1536.jpg 1025w, https:\/\/grandjohnson.com\/app\/uploads\/2024\/10\/GrandJohnson-20220810-33-1-1170x1753.jpg 1170w, https:\/\/grandjohnson.com\/app\/uploads\/2024\/10\/GrandJohnson-20220810-33-1.jpg 1335w\"  sizes=\"(max-width: 684px) 100vw, 684px\" \/><\/figure>\n<\/div>\n<\/div>\n\n\n\n<div style=\"height:50px\" aria-hidden=\"true\" class=\"wp-block-spacer\"><\/div>\n\n\n\n<h2 class=\"wp-block-heading\">Nur <strong>Kick-off Sitzung<\/strong><\/h2>\n\n\n\n<p>Sie brauchen kein komplettes Design, aber m\u00f6chten sich beraten lassen? Dann ist eine Kick-off-Sitzung genau das Richtige f\u00fcr Sie. Bei einem pers\u00f6nlichen Treffen in unserem Studio nehmen wir uns Zeit, um Ihre spezifischen Bed\u00fcrfnisse, Tr\u00e4ume, W\u00fcnsche und Anforderungen zu besprechen. Ziel ist es, die Chancen und M\u00f6glichkeiten Ihrer Wohn- oder Gesch\u00e4ftsr\u00e4ume auszuloten und gemeinsam die Richtung f\u00fcr die Gestaltung vorzugeben. Wir arbeiten dies in einem Konzept in Form einer Skizze an Ort und Stelle aus. Auf diese Weise erhalten Sie einen unmittelbaren Einblick in die M\u00f6glichkeiten des Raums und haben gleichzeitig die Flexibilit\u00e4t, den Rest nach Ihren W\u00fcnschen auszuf\u00fcllen.<\/p>\n\n\n\n<div style=\"height:75px\" aria-hidden=\"true\" class=\"wp-block-spacer\"><\/div>\n\n\n\n<h2 class=\"wp-block-heading has-text-align-center\">Einige unserer Projektpartner<\/h2>\n\n\n\n<div style=\"height:25px\" aria-hidden=\"true\" class=\"wp-block-spacer\"><\/div>\n\n\n\n<div class=\"wp-block-group partner-tree\"><div class=\"wp-block-group__inner-container is-layout-flow wp-block-group-is-layout-flow\">\n<p><a href=\"https:\/\/adldesign.it\/en\/\" target=\"_blank\" rel=\"noreferrer noopener\">ADL Aluminium deuren<\/a><\/p>\n\n\n\n<p>Ma\u00dfgeschneiderte T\u00fcren<\/p>\n\n\n\n<p><a aria-label=\" (opent in een nieuwe tab)\" href=\"http:\/\/www.ateliervierkant.com\" target=\"_blank\" rel=\"noreferrer noopener\">Atelier Vierkant<\/a><\/p>\n\n\n\n<p>Keramische T\u00f6pfen<\/p>\n\n\n\n<p><a href=\"https:\/\/briandebruijn.nl\/\" target=\"_blank\" rel=\"noreferrer noopener\">Brian Debruijn<\/a><\/p>\n\n\n\n<p>Architekt<\/p>\n\n\n\n<p><a href=\"https:\/\/decolegno.nl\/?utm_medium=referral&amp;utm_source=website-grand-johnson&amp;utm_campaign=landingspagina-conceptstore&amp;utm_content=homepage.\" target=\"_blank\" rel=\"noreferrer noopener\">DecoLegno<\/a> <\/p>\n\n\n\n<p>Dekorative Paneele<\/p>\n\n\n\n<p><a href=\"https:\/\/www.ebonyandco.com\/\" target=\"_blank\" rel=\"noreferrer noopener\">Ebony and Co<\/a><\/p>\n\n\n\n<p>H\u00f6lzerne B\u00f6den<\/p>\n\n\n\n<p><a href=\"https:\/\/flaredepartment.com\/\" target=\"_blank\" rel=\"noreferrer noopener\">Flare Department<\/a><\/p>\n\n\n\n<p>Innenfotografie<\/p>\n\n\n\n<p> <a rel=\"noreferrer noopener\" href=\"http:\/\/www.indivipro.nl\/\" target=\"_blank\">Indivipro<\/a> <\/p>\n\n\n\n<p>Polsterei <\/p>\n\n\n\n<p> <a rel=\"noreferrer noopener\" href=\"https:\/\/intersteel.nl\/\" target=\"_blank\">Intersteel<\/a> <\/p>\n\n\n\n<p>T\u00fcrbeschl\u00e4ge<\/p>\n\n\n\n<p><a href=\"https:\/\/janreek.nl\/\">Jan Ree<\/a><a href=\"https:\/\/janreek.nl\/\" target=\"_blank\" rel=\"noreferrer noopener\">k<\/a><\/p>\n\n\n\n<p>Naturstein<\/p>\n\n\n\n<p><a href=\"https:\/\/jee-o.com\/de\/\" target=\"_blank\" rel=\"noreferrer noopener\">JEE-O<\/a><\/p>\n\n\n\n<p>Sanit\u00e4r<\/p>\n\n\n\n<p><a href=\"https:\/\/www.kreon.com\/\" target=\"_blank\" rel=\"noreferrer noopener\">Kreon<\/a><\/p>\n\n\n\n<p>Beleuchtung <\/p>\n\n\n\n<p> <a rel=\"noreferrer noopener\" href=\"https:\/\/maretti.com\/\" target=\"_blank\">Maretti<\/a> <\/p>\n\n\n\n<p>Beleuchtung<\/p>\n\n\n\n<p><a href=\"https:\/\/www.nijboer.nl\/\" target=\"_blank\" rel=\"noreferrer noopener\">Nijboer Interieur &amp; Design<\/a><\/p>\n\n\n\n<p>Innenausbau<\/p>\n\n\n\n<p><a href=\"https:\/\/www.instagram.com\/riannelandstra\/\" target=\"_blank\" rel=\"noreferrer noopener\">Rianne Landstra<\/a><\/p>\n\n\n\n<p>Styling<\/p>\n\n\n\n<p><a href=\"https:\/\/www.romo.com\/\">R<\/a><a href=\"https:\/\/www.romo.com\/\" target=\"_blank\" rel=\"noreferrer noopener\">OMO<\/a><\/p>\n\n\n\n<p>Polsterei<\/p>\n\n\n\n<p><a href=\"https:\/\/www.siersemastoffeerders.nl\/\" target=\"_blank\" rel=\"noreferrer noopener\">Siersema<\/a><\/p>\n\n\n\n<p>Fensterbedeckungen<\/p>\n\n\n\n<p><a href=\"https:\/\/www.sjartec.nl\/agape\" target=\"_blank\" rel=\"noreferrer noopener\">Sjartec \u2013 Agape<\/a><\/p>\n\n\n\n<p>Sanit\u00e4r<\/p>\n<\/div><\/div>\n<\/div><\/div><\/div><\/div>\n","protected":false},"excerpt":{"rendered":"","protected":false},"author":2,"featured_media":9050,"parent":0,"menu_order":0,"comment_status":"closed","ping_status":"closed","template":"","meta":{"_acf_changed":false,"footnotes":""},"class_list":["post-10193","page","type-page","status-publish","has-post-thumbnail","hentry"],"acf":[],"yoast_head":"<!-- This site is optimized with the Yoast SEO plugin v27.3 - https:\/\/yoast.com\/product\/yoast-seo-wordpress\/ -->\n<title>Arbeitsmethode - Grand&amp;Johnson<\/title>\n<meta name=\"description\" content=\"Grand&amp;Johnson ist ein Designstudio, in dem Innenarchitektur mit viel Liebe zum Detail umgesetzt wird. Mehr \u00fcber unsere Arbeitsweise.\" \/>\n<meta name=\"robots\" content=\"index, follow, max-snippet:-1, max-image-preview:large, max-video-preview:-1\" \/>\n<link rel=\"canonical\" href=\"https:\/\/grandjohnson.com\/de\/arbeitsmethode\/\" \/>\n<meta property=\"og:locale\" content=\"de_DE\" \/>\n<meta property=\"og:type\" content=\"article\" \/>\n<meta property=\"og:title\" content=\"Arbeitsmethode - Grand&amp;Johnson\" \/>\n<meta property=\"og:description\" content=\"Grand&amp;Johnson ist ein Designstudio, in dem Innenarchitektur mit viel Liebe zum Detail umgesetzt wird. Mehr \u00fcber unsere Arbeitsweise.\" \/>\n<meta property=\"og:url\" content=\"https:\/\/grandjohnson.com\/de\/arbeitsmethode\/\" \/>\n<meta property=\"og:site_name\" content=\"Grand&amp;Johnson\" \/>\n<meta property=\"article:modified_time\" content=\"2026-01-07T17:11:55+00:00\" \/>\n<meta property=\"og:image\" content=\"https:\/\/grandjohnson.com\/app\/uploads\/2024\/10\/Enscape_2024-07-05-13-55-09_vergader-2-1024x576.png\" \/>\n\t<meta property=\"og:image:width\" content=\"1024\" \/>\n\t<meta property=\"og:image:height\" content=\"576\" \/>\n\t<meta property=\"og:image:type\" content=\"image\/png\" \/>\n<meta name=\"twitter:card\" content=\"summary_large_image\" \/>\n<meta name=\"twitter:label1\" content=\"Est. reading time\" \/>\n\t<meta name=\"twitter:data1\" content=\"6 minutes\" \/>\n<!-- \/ Yoast SEO plugin. -->","yoast_head_json":{"title":"Arbeitsmethode - Grand&amp;Johnson","description":"Grand&Johnson ist ein Designstudio, in dem Innenarchitektur mit viel Liebe zum Detail umgesetzt wird. Mehr \u00fcber unsere Arbeitsweise.","robots":{"index":"index","follow":"follow","max-snippet":"max-snippet:-1","max-image-preview":"max-image-preview:large","max-video-preview":"max-video-preview:-1"},"canonical":"https:\/\/grandjohnson.com\/de\/arbeitsmethode\/","og_locale":"de_DE","og_type":"article","og_title":"Arbeitsmethode - Grand&amp;Johnson","og_description":"Grand&Johnson ist ein Designstudio, in dem Innenarchitektur mit viel Liebe zum Detail umgesetzt wird. Mehr \u00fcber unsere Arbeitsweise.","og_url":"https:\/\/grandjohnson.com\/de\/arbeitsmethode\/","og_site_name":"Grand&amp;Johnson","article_modified_time":"2026-01-07T17:11:55+00:00","og_image":[{"width":1024,"height":576,"url":"https:\/\/grandjohnson.com\/app\/uploads\/2024\/10\/Enscape_2024-07-05-13-55-09_vergader-2-1024x576.png","type":"image\/png"}],"twitter_card":"summary_large_image","twitter_misc":{"Est. reading time":"6 minutes"},"schema":{"@context":"https:\/\/schema.org","@graph":[{"@type":"WebPage","@id":"https:\/\/grandjohnson.com\/de\/arbeitsmethode\/","url":"https:\/\/grandjohnson.com\/de\/arbeitsmethode\/","name":"Arbeitsmethode - Grand&amp;Johnson","isPartOf":{"@id":"https:\/\/grandjohnson.com\/#website"},"primaryImageOfPage":{"@id":"https:\/\/grandjohnson.com\/de\/arbeitsmethode\/#primaryimage"},"image":{"@id":"https:\/\/grandjohnson.com\/de\/arbeitsmethode\/#primaryimage"},"thumbnailUrl":"https:\/\/grandjohnson.com\/app\/uploads\/2024\/10\/Enscape_2024-07-05-13-55-09_vergader-2.png","datePublished":"2025-04-11T11:50:59+00:00","dateModified":"2026-01-07T17:11:55+00:00","description":"Grand&Johnson ist ein Designstudio, in dem Innenarchitektur mit viel Liebe zum Detail umgesetzt wird. Mehr \u00fcber unsere Arbeitsweise.","breadcrumb":{"@id":"https:\/\/grandjohnson.com\/de\/arbeitsmethode\/#breadcrumb"},"inLanguage":"de-DE","potentialAction":[{"@type":"ReadAction","target":["https:\/\/grandjohnson.com\/de\/arbeitsmethode\/"]}]},{"@type":"ImageObject","inLanguage":"de-DE","@id":"https:\/\/grandjohnson.com\/de\/arbeitsmethode\/#primaryimage","url":"https:\/\/grandjohnson.com\/app\/uploads\/2024\/10\/Enscape_2024-07-05-13-55-09_vergader-2.png","contentUrl":"https:\/\/grandjohnson.com\/app\/uploads\/2024\/10\/Enscape_2024-07-05-13-55-09_vergader-2.png","width":3840,"height":2160,"caption":"Grand&Johnson | ontwerpstudio | onze werkwijze"},{"@type":"BreadcrumbList","@id":"https:\/\/grandjohnson.com\/de\/arbeitsmethode\/#breadcrumb","itemListElement":[{"@type":"ListItem","position":1,"name":"Home","item":"https:\/\/grandjohnson.com\/de\/"},{"@type":"ListItem","position":2,"name":"Arbeitsmethode"}]},{"@type":"WebSite","@id":"https:\/\/grandjohnson.com\/#website","url":"https:\/\/grandjohnson.com\/","name":"Grand&amp;Johnson","description":"","potentialAction":[{"@type":"SearchAction","target":{"@type":"EntryPoint","urlTemplate":"https:\/\/grandjohnson.com\/?s={search_term_string}"},"query-input":{"@type":"PropertyValueSpecification","valueRequired":true,"valueName":"search_term_string"}}],"inLanguage":"de-DE"}]}},"_links":{"self":[{"href":"https:\/\/grandjohnson.com\/de\/wp-json\/wp\/v2\/pages\/10193","targetHints":{"allow":["GET"]}}],"collection":[{"href":"https:\/\/grandjohnson.com\/de\/wp-json\/wp\/v2\/pages"}],"about":[{"href":"https:\/\/grandjohnson.com\/de\/wp-json\/wp\/v2\/types\/page"}],"author":[{"embeddable":true,"href":"https:\/\/grandjohnson.com\/de\/wp-json\/wp\/v2\/users\/2"}],"replies":[{"embeddable":true,"href":"https:\/\/grandjohnson.com\/de\/wp-json\/wp\/v2\/comments?post=10193"}],"version-history":[{"count":7,"href":"https:\/\/grandjohnson.com\/de\/wp-json\/wp\/v2\/pages\/10193\/revisions"}],"predecessor-version":[{"id":10827,"href":"https:\/\/grandjohnson.com\/de\/wp-json\/wp\/v2\/pages\/10193\/revisions\/10827"}],"wp:featuredmedia":[{"embeddable":true,"href":"https:\/\/grandjohnson.com\/de\/wp-json\/wp\/v2\/media\/9050"}],"wp:attachment":[{"href":"https:\/\/grandjohnson.com\/de\/wp-json\/wp\/v2\/media?parent=10193"}],"curies":[{"name":"wp","href":"https:\/\/api.w.org\/{rel}","templated":true}]}}