{"id":10186,"date":"2025-04-11T13:03:05","date_gmt":"2025-04-11T11:03:05","guid":{"rendered":"https:\/\/grandjohnson.com\/homepage-nieuw\/"},"modified":"2025-06-25T16:19:49","modified_gmt":"2025-06-25T14:19:49","slug":"homepage","status":"publish","type":"page","link":"https:\/\/grandjohnson.com\/de\/","title":{"rendered":"Homepage"},"content":{"rendered":"\n<div class=\"wp-block-g2p-wrapper\"><div class=\"container\"><div class=\"row\"><div class=\"col-12\">\n<div class=\"wp-block-columns is-layout-flex wp-container-core-columns-is-layout-9d6595d7 wp-block-columns-is-layout-flex\">\n<div class=\"wp-block-column is-layout-flow wp-block-column-is-layout-flow\" style=\"flex-basis:100%\">\n<div class=\"wp-block-columns is-layout-flex wp-container-core-columns-is-layout-9d6595d7 wp-block-columns-is-layout-flex\">\n<div class=\"wp-block-column is-layout-flow wp-block-column-is-layout-flow\">\n<h1 class=\"wp-block-heading\"><strong>Sorgenfrei renovieren<\/strong><\/h1>\n\n\n\n<p>Sie haben ein phantastisches Grundst\u00fcck oder ein sch\u00f6nes Haus gesehen, aber es ist etwas veraltet und von der Aufteilung her nicht ganz ideal. Oder das Haus, in dem Sie jahrelang gelebt haben und an das Sie viele Erinnerungen haben, ist nicht mehr zufriedenstellend, aber Sie wollen es nicht verlassen.<\/p>\n\n\n\n<p>Sch\u00f6n, aber auch aufregend. Denn was kommt alles auf einen zu, wenn man sich entschlie\u00dft, damit zu beginnen? Wie geht man den Bau oder die Renovierung an? Was wird es kosten? Wie viel Zeit wird es in Anspruch nehmen?<\/p>\n\n\n\n<p>F\u00fchlen Sie sich \u00fcberw\u00e4ltigt von den vielen Entscheidungen, die mit einer Renovierung oder einem Neubau verbunden sind? Wir verstehen das. Es ist ein gro\u00dfer Schritt, und Sie m\u00f6chten sicherstellen, dass alles reibungslos abl\u00e4uft. Mit unserem Fachwissen und unserem pers\u00f6nlichen Ansatz k\u00f6nnen wir Ihnen alle Sorgen abnehmen.<\/p>\n<\/div>\n\n\n\n<div class=\"wp-block-column is-layout-flow wp-block-column-is-layout-flow\">\n<figure class=\"wp-block-image size-full\"><img loading=\"lazy\" decoding=\"async\" width=\"1536\" height=\"2048\" src=\"https:\/\/grandjohnson.com\/app\/uploads\/2025\/03\/GrandJohnson-Family-Home-20240801-25.jpg\" alt=\"\" class=\"wp-image-9849\" srcset=\"https:\/\/grandjohnson.com\/app\/uploads\/2025\/03\/GrandJohnson-Family-Home-20240801-25.jpg 1536w, https:\/\/grandjohnson.com\/app\/uploads\/2025\/03\/GrandJohnson-Family-Home-20240801-25-225x300.jpg 225w, https:\/\/grandjohnson.com\/app\/uploads\/2025\/03\/GrandJohnson-Family-Home-20240801-25-768x1024.jpg 768w, https:\/\/grandjohnson.com\/app\/uploads\/2025\/03\/GrandJohnson-Family-Home-20240801-25-1152x1536.jpg 1152w, https:\/\/grandjohnson.com\/app\/uploads\/2025\/03\/GrandJohnson-Family-Home-20240801-25-1170x1560.jpg 1170w\"  sizes=\"(max-width: 1536px) 100vw, 1536px\" \/><\/figure>\n<\/div>\n<\/div>\n\n\n\n<div style=\"height:75px\" aria-hidden=\"true\" class=\"wp-block-spacer\"><\/div>\n\n\n\n<h2 class=\"wp-block-heading\"><strong>Was unsere Kunden sagen<\/strong><\/h2>\n\n\n\n<div class=\"wp-block-columns are-vertically-aligned-top is-layout-flex wp-container-core-columns-is-layout-9d6595d7 wp-block-columns-is-layout-flex\">\n<div class=\"wp-block-column is-vertically-aligned-top is-layout-flow wp-block-column-is-layout-flow\">\n<p class=\"has-text-align-left\"><em><em>\u2018Die wunderbare individuelle Gestaltung hat unsere Inneneinrichtung wirklich auf die n\u00e4chste Stufe gehoben. Das h\u00e4tten wir uns vor Beginn der Arbeiten wirklich nicht vorstellen k\u00f6nnen.\u2019<\/em><\/em><\/p>\n<\/div>\n\n\n\n<div class=\"wp-block-column is-vertically-aligned-top is-layout-flow wp-block-column-is-layout-flow\">\n<p class=\"has-text-align-left\"><em><em><em>\u2018<em>Zuh\u00f6ren ist eine eurer gr\u00f6\u00dften St\u00e4rken. Sie haben sich kreativ mit unseren Budgetvorgaben auseinandergesetzt. Auch hier haben wir uns durch Ihr Wissen und Ihre Erfahrung unterst\u00fctzt gef\u00fchlt.\u2019<\/em><\/em><\/em><\/em><\/p>\n<\/div>\n\n\n\n<div class=\"wp-block-column is-vertically-aligned-top is-layout-flow wp-block-column-is-layout-flow\">\n<p class=\"has-text-align-left\"><em>\u2018<\/em>Es war hervorragend, dass Sie mit einem klaren Drehbuch gearbeitet haben, so dass wir genau wussten, was in jeder Phase von uns erwartet wurde<em>.\u2019<\/em><\/p>\n<\/div>\n<\/div>\n\n\n\n<div style=\"height:50px\" aria-hidden=\"true\" class=\"wp-block-spacer\"><\/div>\n\n\n\n<figure class=\"wp-block-image size-large\"><img loading=\"lazy\" decoding=\"async\" width=\"1024\" height=\"768\" src=\"https:\/\/grandjohnson.com\/app\/uploads\/2025\/03\/GrandJohnson-Family-Home-20240801-39-1024x768.jpg\" alt=\"\" class=\"wp-image-9852\" srcset=\"https:\/\/grandjohnson.com\/app\/uploads\/2025\/03\/GrandJohnson-Family-Home-20240801-39-1024x768.jpg 1024w, https:\/\/grandjohnson.com\/app\/uploads\/2025\/03\/GrandJohnson-Family-Home-20240801-39-300x225.jpg 300w, https:\/\/grandjohnson.com\/app\/uploads\/2025\/03\/GrandJohnson-Family-Home-20240801-39-768x576.jpg 768w, https:\/\/grandjohnson.com\/app\/uploads\/2025\/03\/GrandJohnson-Family-Home-20240801-39-1536x1152.jpg 1536w, https:\/\/grandjohnson.com\/app\/uploads\/2025\/03\/GrandJohnson-Family-Home-20240801-39-1170x878.jpg 1170w, https:\/\/grandjohnson.com\/app\/uploads\/2025\/03\/GrandJohnson-Family-Home-20240801-39.jpg 2048w\"  sizes=\"(max-width: 1024px) 100vw, 1024px\" \/><\/figure>\n\n\n\n<div style=\"height:50px\" aria-hidden=\"true\" class=\"wp-block-spacer\"><\/div>\n\n\n\n<div class=\"wp-block-columns is-layout-flex wp-container-core-columns-is-layout-9d6595d7 wp-block-columns-is-layout-flex\">\n<div class=\"wp-block-column is-layout-flow wp-block-column-is-layout-flow\">\n<h2 class=\"wp-block-heading\"><strong>Wer sind wir?<\/strong><\/h2>\n\n\n\n<p>Grand&amp;Johnson ist ein Designstudio, das aus der Liebe zum Innen- und Produktdesign entstanden ist. Wir sind ein intimes Team von Innenarchitekten und entwerfen Interieurs mit purer Aufmerksamkeit und einem Auge f\u00fcrs Detail.<\/p>\n\n\n\n<p>Wir haben uns auf gro\u00df angelegte Renovierungen und Neubauten sowohl von Wohnh\u00e4usern als auch von B\u00fcros spezialisiert. Wir entwickeln nicht nur den Plan f\u00fcr die Inneneinrichtung und die Beleuchtung, sondern stellen auch alle Farben und Materialien f\u00fcr den Innen- und Au\u00dfenbereich zusammen. Dies geschieht auf sehr hohem Niveau und ganz nach Ma\u00df. Wir bieten einen kompletten Service, vom Entwurf bis zur Realisierung.<\/p>\n\n\n\n<div style=\"height:50px\" aria-hidden=\"true\" class=\"wp-block-spacer\"><\/div>\n\n\n\n<div class=\"wp-block-buttons is-content-justification-center is-layout-flex wp-container-core-buttons-is-layout-16018d1d wp-block-buttons-is-layout-flex\">\n<div class=\"wp-block-button\"><a class=\"wp-block-button__link wp-element-button\" href=\"https:\/\/calendly.com\/bertel-grandjohnson\/1-persoonlijk-design-consult\" target=\"_blank\" rel=\"noreferrer noopener\">Vereinbaren Sie einen Termin<\/a><\/div>\n<\/div>\n<\/div>\n\n\n\n<div class=\"wp-block-column is-layout-flow wp-block-column-is-layout-flow\">\n<figure class=\"wp-block-image size-full\"><img loading=\"lazy\" decoding=\"async\" width=\"1708\" height=\"2560\" src=\"https:\/\/grandjohnson.com\/app\/uploads\/2025\/03\/GrandJohnson-Keizersgracht-20230320-20-min-scaled.jpg\" alt=\"\" class=\"wp-image-9865\" srcset=\"https:\/\/grandjohnson.com\/app\/uploads\/2025\/03\/GrandJohnson-Keizersgracht-20230320-20-min-scaled.jpg 1708w, https:\/\/grandjohnson.com\/app\/uploads\/2025\/03\/GrandJohnson-Keizersgracht-20230320-20-min-200x300.jpg 200w, https:\/\/grandjohnson.com\/app\/uploads\/2025\/03\/GrandJohnson-Keizersgracht-20230320-20-min-683x1024.jpg 683w, https:\/\/grandjohnson.com\/app\/uploads\/2025\/03\/GrandJohnson-Keizersgracht-20230320-20-min-768x1151.jpg 768w, https:\/\/grandjohnson.com\/app\/uploads\/2025\/03\/GrandJohnson-Keizersgracht-20230320-20-min-1025x1536.jpg 1025w, https:\/\/grandjohnson.com\/app\/uploads\/2025\/03\/GrandJohnson-Keizersgracht-20230320-20-min-1367x2048.jpg 1367w, https:\/\/grandjohnson.com\/app\/uploads\/2025\/03\/GrandJohnson-Keizersgracht-20230320-20-min-1170x1753.jpg 1170w\"  sizes=\"(max-width: 1708px) 100vw, 1708px\" \/><\/figure>\n<\/div>\n<\/div>\n\n\n\n<div style=\"height:50px\" aria-hidden=\"true\" class=\"wp-block-spacer\"><\/div>\n\n\n\n<div class=\"wp-block-columns is-layout-flex wp-container-core-columns-is-layout-9d6595d7 wp-block-columns-is-layout-flex\">\n<div class=\"wp-block-column is-layout-flow wp-block-column-is-layout-flow\">\n<figure class=\"wp-block-image size-large\"><img loading=\"lazy\" decoding=\"async\" width=\"683\" height=\"1024\" src=\"https:\/\/grandjohnson.com\/app\/uploads\/2025\/03\/GrandJohnson-Keizersgracht-20230320-8-min-683x1024.jpg\" alt=\"\" class=\"wp-image-9862\" srcset=\"https:\/\/grandjohnson.com\/app\/uploads\/2025\/03\/GrandJohnson-Keizersgracht-20230320-8-min-683x1024.jpg 683w, https:\/\/grandjohnson.com\/app\/uploads\/2025\/03\/GrandJohnson-Keizersgracht-20230320-8-min-200x300.jpg 200w, https:\/\/grandjohnson.com\/app\/uploads\/2025\/03\/GrandJohnson-Keizersgracht-20230320-8-min-768x1151.jpg 768w, https:\/\/grandjohnson.com\/app\/uploads\/2025\/03\/GrandJohnson-Keizersgracht-20230320-8-min-1025x1536.jpg 1025w, https:\/\/grandjohnson.com\/app\/uploads\/2025\/03\/GrandJohnson-Keizersgracht-20230320-8-min-1367x2048.jpg 1367w, https:\/\/grandjohnson.com\/app\/uploads\/2025\/03\/GrandJohnson-Keizersgracht-20230320-8-min-1170x1753.jpg 1170w, https:\/\/grandjohnson.com\/app\/uploads\/2025\/03\/GrandJohnson-Keizersgracht-20230320-8-min-scaled.jpg 1708w\"  sizes=\"(max-width: 683px) 100vw, 683px\" \/><\/figure>\n<\/div>\n\n\n\n<div class=\"wp-block-column is-layout-flow wp-block-column-is-layout-flow\">\n<h2 class=\"wp-block-heading\"><strong>Wof\u00fcr stehen wir?<\/strong><\/h2>\n\n\n\n<p>Sie zu entlasten. Das ist unser Auftrag. Wir begleiten Sie durch all die \u00fcberw\u00e4ltigenden Entscheidungen, die auf Sie zukommen, sobald Sie mit dem Bauen oder Renovieren beginnen. Damit Sie sich keine Sorgen machen m\u00fcssen, dass Sie etwas \u00fcbersehen, sondern wissen, dass alles ber\u00fccksichtigt wird und die Entscheidungen zum richtigen Zeitpunkt getroffen werden.<\/p>\n\n\n\n<p>Wir h\u00f6ren uns Ihre W\u00fcnsche und Tr\u00e4ume an und setzen sie in ein Design um, das perfekt zu Ihrem Lebensstil passt. Nicht zuletzt sorgen wir daf\u00fcr, dass der Prozess reibungslos verl\u00e4uft. Damit Sie am Ende eine Einrichtung haben, die Ihre Erwartungen \u00fcbertrifft.<\/p>\n<\/div>\n<\/div>\n\n\n\n<div style=\"height:50px\" aria-hidden=\"true\" class=\"wp-block-spacer\"><\/div>\n\n\n\n<figure class=\"wp-block-image size-large\"><img loading=\"lazy\" decoding=\"async\" width=\"1024\" height=\"768\" src=\"https:\/\/grandjohnson.com\/app\/uploads\/2025\/03\/Studio-Team-Grand-Johnson-20250213-v4-24-1024x768.jpg\" alt=\"\" class=\"wp-image-9858\" srcset=\"https:\/\/grandjohnson.com\/app\/uploads\/2025\/03\/Studio-Team-Grand-Johnson-20250213-v4-24-1024x768.jpg 1024w, https:\/\/grandjohnson.com\/app\/uploads\/2025\/03\/Studio-Team-Grand-Johnson-20250213-v4-24-300x225.jpg 300w, https:\/\/grandjohnson.com\/app\/uploads\/2025\/03\/Studio-Team-Grand-Johnson-20250213-v4-24-768x576.jpg 768w, https:\/\/grandjohnson.com\/app\/uploads\/2025\/03\/Studio-Team-Grand-Johnson-20250213-v4-24-1536x1152.jpg 1536w, https:\/\/grandjohnson.com\/app\/uploads\/2025\/03\/Studio-Team-Grand-Johnson-20250213-v4-24-1170x878.jpg 1170w, https:\/\/grandjohnson.com\/app\/uploads\/2025\/03\/Studio-Team-Grand-Johnson-20250213-v4-24.jpg 2048w\"  sizes=\"(max-width: 1024px) 100vw, 1024px\" \/><\/figure>\n\n\n\n<div style=\"height:50px\" aria-hidden=\"true\" class=\"wp-block-spacer\"><\/div>\n\n\n\n<div class=\"wp-block-columns is-layout-flex wp-container-core-columns-is-layout-9d6595d7 wp-block-columns-is-layout-flex\">\n<div class=\"wp-block-column is-layout-flow wp-block-column-is-layout-flow\">\n<figure class=\"wp-block-image size-large\"><img loading=\"lazy\" decoding=\"async\" width=\"768\" height=\"1024\" src=\"https:\/\/grandjohnson.com\/app\/uploads\/2025\/03\/Studio-Team-Grand-Johnson-20250213-v4-7-768x1024.jpg\" alt=\"\" class=\"wp-image-9855\" srcset=\"https:\/\/grandjohnson.com\/app\/uploads\/2025\/03\/Studio-Team-Grand-Johnson-20250213-v4-7-768x1024.jpg 768w, https:\/\/grandjohnson.com\/app\/uploads\/2025\/03\/Studio-Team-Grand-Johnson-20250213-v4-7-225x300.jpg 225w, https:\/\/grandjohnson.com\/app\/uploads\/2025\/03\/Studio-Team-Grand-Johnson-20250213-v4-7-1152x1536.jpg 1152w, https:\/\/grandjohnson.com\/app\/uploads\/2025\/03\/Studio-Team-Grand-Johnson-20250213-v4-7-1170x1560.jpg 1170w, https:\/\/grandjohnson.com\/app\/uploads\/2025\/03\/Studio-Team-Grand-Johnson-20250213-v4-7.jpg 1536w\"  sizes=\"(max-width: 768px) 100vw, 768px\" \/><\/figure>\n<\/div>\n\n\n\n<div class=\"wp-block-column is-layout-flow wp-block-column-is-layout-flow\">\n<h2 class=\"wp-block-heading\"><strong>Wie arbeiten wir?<\/strong><\/h2>\n\n\n\n<p>Kein Projekt ist wie das andere. Deshalb bieten wir Ihnen einen individuellen Ansatz, der ganz auf Ihre Bed\u00fcrfnisse zugeschnitten ist. Ganz gleich, ob es sich um ein Neubauprojekt handelt, bei dem wir Sie von A bis Z betreuen, oder ob Sie uns einfach nur bitten, \u00fcber die M\u00f6glichkeiten einer Immobilie nachzudenken.<\/p>\n\n\n\n<p><\/p>\n\n\n\n<p>Sie fragen sich, wie wir Ihre Traumeinrichtung zum Leben erwecken? Lesen Sie mehr \u00fcber <a href=\"https:\/\/grandjohnson.com\/de\/arbeitsmethode\/\">unsere Arbeitsweise<\/a>. So wissen Sie genau, was Sie in jeder Phase des Projekts erwartet.<\/p>\n\n\n\n<div style=\"height:50px\" aria-hidden=\"true\" class=\"wp-block-spacer\"><\/div>\n\n\n\n<div class=\"wp-block-buttons is-content-justification-center is-layout-flex wp-container-core-buttons-is-layout-16018d1d wp-block-buttons-is-layout-flex\">\n<div class=\"wp-block-button\"><a class=\"wp-block-button__link wp-element-button\" href=\"https:\/\/calendly.com\/bertel-grandjohnson\/1-persoonlijk-design-consult\" target=\"_blank\" rel=\"noreferrer noopener\">Vereinbaren Sie eine kostenlose Beratung<\/a><\/div>\n<\/div>\n<\/div>\n<\/div>\n\n\n\n<div style=\"height:50px\" aria-hidden=\"true\" class=\"wp-block-spacer\"><\/div>\n\n\n\n<figure class=\"wp-block-image size-large\"><img loading=\"lazy\" decoding=\"async\" width=\"1024\" height=\"768\" src=\"https:\/\/grandjohnson.com\/app\/uploads\/2025\/01\/Grand-Johnson-Luna-1-20250123-42-1024x768.jpg\" alt=\"\" class=\"wp-image-9633\" srcset=\"https:\/\/grandjohnson.com\/app\/uploads\/2025\/01\/Grand-Johnson-Luna-1-20250123-42-1024x768.jpg 1024w, https:\/\/grandjohnson.com\/app\/uploads\/2025\/01\/Grand-Johnson-Luna-1-20250123-42-300x225.jpg 300w, https:\/\/grandjohnson.com\/app\/uploads\/2025\/01\/Grand-Johnson-Luna-1-20250123-42-768x576.jpg 768w, https:\/\/grandjohnson.com\/app\/uploads\/2025\/01\/Grand-Johnson-Luna-1-20250123-42-1536x1152.jpg 1536w, https:\/\/grandjohnson.com\/app\/uploads\/2025\/01\/Grand-Johnson-Luna-1-20250123-42-1170x878.jpg 1170w, https:\/\/grandjohnson.com\/app\/uploads\/2025\/01\/Grand-Johnson-Luna-1-20250123-42.jpg 2048w\"  sizes=\"(max-width: 1024px) 100vw, 1024px\" \/><\/figure>\n\n\n\n<div style=\"height:50px\" aria-hidden=\"true\" class=\"wp-block-spacer\"><\/div>\n\n\n\n<figure class=\"wp-block-image size-large\"><img loading=\"lazy\" decoding=\"async\" width=\"1024\" height=\"683\" src=\"https:\/\/grandjohnson.com\/app\/uploads\/2024\/10\/2024-HOOG-02-afbeeldingen-1-1024x683.jpg\" alt=\"\" class=\"wp-image-8687\" srcset=\"https:\/\/grandjohnson.com\/app\/uploads\/2024\/10\/2024-HOOG-02-afbeeldingen-1-1024x683.jpg 1024w, https:\/\/grandjohnson.com\/app\/uploads\/2024\/10\/2024-HOOG-02-afbeeldingen-1-300x200.jpg 300w, https:\/\/grandjohnson.com\/app\/uploads\/2024\/10\/2024-HOOG-02-afbeeldingen-1-768x512.jpg 768w, https:\/\/grandjohnson.com\/app\/uploads\/2024\/10\/2024-HOOG-02-afbeeldingen-1-1536x1024.jpg 1536w, https:\/\/grandjohnson.com\/app\/uploads\/2024\/10\/2024-HOOG-02-afbeeldingen-1-2048x1365.jpg 2048w, https:\/\/grandjohnson.com\/app\/uploads\/2024\/10\/2024-HOOG-02-afbeeldingen-1-1170x780.jpg 1170w\"  sizes=\"(max-width: 1024px) 100vw, 1024px\" \/><\/figure>\n\n\n\n<div style=\"height:50px\" aria-hidden=\"true\" class=\"wp-block-spacer\"><\/div>\n\n\n\n<figure class=\"wp-block-image size-large\"><img loading=\"lazy\" decoding=\"async\" width=\"1024\" height=\"683\" src=\"https:\/\/grandjohnson.com\/app\/uploads\/2025\/02\/GrandJohnson-20240519-9-1-1024x683.jpg\" alt=\"\" class=\"wp-image-9703\" srcset=\"https:\/\/grandjohnson.com\/app\/uploads\/2025\/02\/GrandJohnson-20240519-9-1-1024x683.jpg 1024w, https:\/\/grandjohnson.com\/app\/uploads\/2025\/02\/GrandJohnson-20240519-9-1-300x200.jpg 300w, https:\/\/grandjohnson.com\/app\/uploads\/2025\/02\/GrandJohnson-20240519-9-1-768x512.jpg 768w, https:\/\/grandjohnson.com\/app\/uploads\/2025\/02\/GrandJohnson-20240519-9-1-1536x1024.jpg 1536w, https:\/\/grandjohnson.com\/app\/uploads\/2025\/02\/GrandJohnson-20240519-9-1-1170x780.jpg 1170w, https:\/\/grandjohnson.com\/app\/uploads\/2025\/02\/GrandJohnson-20240519-9-1.jpg 2048w\"  sizes=\"(max-width: 1024px) 100vw, 1024px\" \/><\/figure>\n\n\n\n<div style=\"height:51px\" aria-hidden=\"true\" class=\"wp-block-spacer\"><\/div>\n<\/div>\n<\/div>\n<\/div><\/div><\/div><\/div>\n\n\n\n<p><\/p>\n","protected":false},"excerpt":{"rendered":"","protected":false},"author":2,"featured_media":7738,"parent":0,"menu_order":0,"comment_status":"closed","ping_status":"closed","template":"","meta":{"_acf_changed":false,"footnotes":""},"class_list":["post-10186","page","type-page","status-publish","has-post-thumbnail","hentry"],"acf":[],"yoast_head":"<!-- This site is optimized with the Yoast SEO plugin v27.4 - https:\/\/yoast.com\/product\/yoast-seo-wordpress\/ -->\n<title>Grand&amp;Johnson-homepage<\/title>\n<meta name=\"description\" content=\"Unbesorgt neu bauen? Grand&amp;Johnson ist ein Designstudio, das die Innenr\u00e4ume von Wohnungen und B\u00fcros mit Details ausstattet.\" \/>\n<meta name=\"robots\" content=\"index, follow, max-snippet:-1, max-image-preview:large, max-video-preview:-1\" \/>\n<link rel=\"canonical\" href=\"https:\/\/grandjohnson.com\/de\/\" \/>\n<meta property=\"og:locale\" content=\"de_DE\" \/>\n<meta property=\"og:type\" content=\"article\" \/>\n<meta property=\"og:title\" content=\"Grand&amp;Johnson-homepage\" \/>\n<meta property=\"og:description\" content=\"Unbesorgt neu bauen? Grand&amp;Johnson ist ein Designstudio, das die Innenr\u00e4ume von Wohnungen und B\u00fcros mit Details ausstattet.\" \/>\n<meta property=\"og:url\" content=\"https:\/\/grandjohnson.com\/de\/\" \/>\n<meta property=\"og:site_name\" content=\"Grand&amp;Johnson\" \/>\n<meta property=\"article:modified_time\" content=\"2025-06-25T14:19:49+00:00\" \/>\n<meta property=\"og:image\" content=\"https:\/\/grandjohnson.com\/app\/uploads\/2024\/09\/GrandJohnson-Amsterdam-Family-Home-20240801-35.jpg\" \/>\n\t<meta property=\"og:image:width\" content=\"2048\" \/>\n\t<meta property=\"og:image:height\" content=\"1536\" \/>\n\t<meta property=\"og:image:type\" content=\"image\/jpeg\" \/>\n<meta name=\"twitter:card\" content=\"summary_large_image\" \/>\n<meta name=\"twitter:label1\" content=\"Est. reading time\" \/>\n\t<meta name=\"twitter:data1\" content=\"5 minutes\" \/>\n<!-- \/ Yoast SEO plugin. -->","yoast_head_json":{"title":"Grand&Johnson-homepage","description":"Unbesorgt neu bauen? Grand&Johnson ist ein Designstudio, das die Innenr\u00e4ume von Wohnungen und B\u00fcros mit Details ausstattet.","robots":{"index":"index","follow":"follow","max-snippet":"max-snippet:-1","max-image-preview":"max-image-preview:large","max-video-preview":"max-video-preview:-1"},"canonical":"https:\/\/grandjohnson.com\/de\/","og_locale":"de_DE","og_type":"article","og_title":"Grand&Johnson-homepage","og_description":"Unbesorgt neu bauen? Grand&Johnson ist ein Designstudio, das die Innenr\u00e4ume von Wohnungen und B\u00fcros mit Details ausstattet.","og_url":"https:\/\/grandjohnson.com\/de\/","og_site_name":"Grand&amp;Johnson","article_modified_time":"2025-06-25T14:19:49+00:00","og_image":[{"width":2048,"height":1536,"url":"https:\/\/grandjohnson.com\/app\/uploads\/2024\/09\/GrandJohnson-Amsterdam-Family-Home-20240801-35.jpg","type":"image\/jpeg"}],"twitter_card":"summary_large_image","twitter_misc":{"Est. reading time":"5 minutes"},"schema":{"@context":"https:\/\/schema.org","@graph":[{"@type":"WebPage","@id":"https:\/\/grandjohnson.com\/de\/","url":"https:\/\/grandjohnson.com\/de\/","name":"Grand&Johnson-homepage","isPartOf":{"@id":"https:\/\/grandjohnson.com\/#website"},"primaryImageOfPage":{"@id":"https:\/\/grandjohnson.com\/de\/#primaryimage"},"image":{"@id":"https:\/\/grandjohnson.com\/de\/#primaryimage"},"thumbnailUrl":"https:\/\/grandjohnson.com\/app\/uploads\/2024\/09\/GrandJohnson-Amsterdam-Family-Home-20240801-35.jpg","datePublished":"2025-04-11T11:03:05+00:00","dateModified":"2025-06-25T14:19:49+00:00","description":"Unbesorgt neu bauen? Grand&Johnson ist ein Designstudio, das die Innenr\u00e4ume von Wohnungen und B\u00fcros mit Details ausstattet.","breadcrumb":{"@id":"https:\/\/grandjohnson.com\/de\/#breadcrumb"},"inLanguage":"de-DE","potentialAction":[{"@type":"ReadAction","target":["https:\/\/grandjohnson.com\/de\/"]}]},{"@type":"ImageObject","inLanguage":"de-DE","@id":"https:\/\/grandjohnson.com\/de\/#primaryimage","url":"https:\/\/grandjohnson.com\/app\/uploads\/2024\/09\/GrandJohnson-Amsterdam-Family-Home-20240801-35.jpg","contentUrl":"https:\/\/grandjohnson.com\/app\/uploads\/2024\/09\/GrandJohnson-Amsterdam-Family-Home-20240801-35.jpg","width":2048,"height":1536},{"@type":"BreadcrumbList","@id":"https:\/\/grandjohnson.com\/de\/#breadcrumb","itemListElement":[{"@type":"ListItem","position":1,"name":"Home","item":"https:\/\/grandjohnson.com\/de\/"},{"@type":"ListItem","position":2,"name":"Homepage"}]},{"@type":"WebSite","@id":"https:\/\/grandjohnson.com\/#website","url":"https:\/\/grandjohnson.com\/","name":"Grand&amp;Johnson","description":"","potentialAction":[{"@type":"SearchAction","target":{"@type":"EntryPoint","urlTemplate":"https:\/\/grandjohnson.com\/?s={search_term_string}"},"query-input":{"@type":"PropertyValueSpecification","valueRequired":true,"valueName":"search_term_string"}}],"inLanguage":"de-DE"}]}},"_links":{"self":[{"href":"https:\/\/grandjohnson.com\/de\/wp-json\/wp\/v2\/pages\/10186","targetHints":{"allow":["GET"]}}],"collection":[{"href":"https:\/\/grandjohnson.com\/de\/wp-json\/wp\/v2\/pages"}],"about":[{"href":"https:\/\/grandjohnson.com\/de\/wp-json\/wp\/v2\/types\/page"}],"author":[{"embeddable":true,"href":"https:\/\/grandjohnson.com\/de\/wp-json\/wp\/v2\/users\/2"}],"replies":[{"embeddable":true,"href":"https:\/\/grandjohnson.com\/de\/wp-json\/wp\/v2\/comments?post=10186"}],"version-history":[{"count":6,"href":"https:\/\/grandjohnson.com\/de\/wp-json\/wp\/v2\/pages\/10186\/revisions"}],"predecessor-version":[{"id":10344,"href":"https:\/\/grandjohnson.com\/de\/wp-json\/wp\/v2\/pages\/10186\/revisions\/10344"}],"wp:featuredmedia":[{"embeddable":true,"href":"https:\/\/grandjohnson.com\/de\/wp-json\/wp\/v2\/media\/7738"}],"wp:attachment":[{"href":"https:\/\/grandjohnson.com\/de\/wp-json\/wp\/v2\/media?parent=10186"}],"curies":[{"name":"wp","href":"https:\/\/api.w.org\/{rel}","templated":true}]}}